{"id":2325,"date":"2023-08-01T10:58:43","date_gmt":"2023-08-01T10:58:43","guid":{"rendered":"http:\/\/www.fundaciopimec.org\/la-fundacio\/transparencia\/"},"modified":"2025-07-21T10:57:04","modified_gmt":"2025-07-21T10:57:04","slug":"transparencia","status":"publish","type":"page","link":"https:\/\/www.fundaciopimec.org\/es\/la-fundacion\/transparencia\/","title":{"rendered":"Transparencia"},"content":{"rendered":"\n<div class=\"wp-block-columns is-layout-flex wp-container-core-columns-is-layout-1 wp-block-columns-is-layout-flex\">\n<div class=\"wp-block-column is-layout-flow wp-block-column-is-layout-flow\" style=\"flex-basis:100%\">\n<figure class=\"wp-block-image aligncenter size-full is-resized has-custom-border\"><img loading=\"lazy\" decoding=\"async\" width=\"1024\" height=\"513\" src=\"https:\/\/www.fundaciopimec.org\/wp-content\/uploads\/fund_transparenciaok-1.jpg\" alt=\"\" class=\"wp-image-3392\" style=\"border-radius:20px;object-fit:cover;width:1200px;height:300px\" srcset=\"https:\/\/www.fundaciopimec.org\/wp-content\/uploads\/fund_transparenciaok-1.jpg 1024w, https:\/\/www.fundaciopimec.org\/wp-content\/uploads\/fund_transparenciaok-1-300x150.jpg 300w, https:\/\/www.fundaciopimec.org\/wp-content\/uploads\/fund_transparenciaok-1-768x385.jpg 768w\" sizes=\"auto, (max-width: 1024px) 100vw, 1024px\" \/><\/figure>\n<\/div>\n<\/div>\n\n\n\n<h2 class=\"wp-block-heading has-contrast-color has-text-color has-georgia-reckless-font-family\">Transparencia<\/h2>\n\n\n\n<div class=\"wp-block-columns is-layout-flex wp-container-core-columns-is-layout-3 wp-block-columns-is-layout-flex\">\n<div class=\"wp-block-column is-layout-flow wp-block-column-is-layout-flow\">\n<p class=\"has-x-small-font-size\">En el actual contexto econ\u00f3mico, social, pol\u00edtico y econ\u00f3mico del pa\u00eds, el derecho de los ciudadanos a la transparencia de la actividad p\u00fablica y del acceso a la informaci\u00f3n relevante es m\u00e1s determinante que nunca.<\/p>\n\n\n\n<p class=\"has-x-small-font-size\">Siguiendo los valores de Pimec de independencia, honestidad y transparencia, y dando cumplimiento a la Ley 19\/2014, del 29 de diciembre, de transparencia, acceso a la informaci\u00f3n p\u00fablica y buen gobierno de la Generalitat de Catalunya, hemos reunido en este espacio toda la informaci\u00f3n de car\u00e1cter econ\u00f3mico, presupuestario y estad\u00edstico de la Fundaci\u00f3n.&nbsp;<\/p>\n\n\n\n<p class=\"has-x-small-font-size\">Anualmente nuestros datos econ\u00f3micos son auditados por una auditor\u00eda externa. Asimismo, conforme al marco legal vigente presentamos anualmente memorias econ\u00f3micas y de actividades en el Registro del Protectorado de Fundaciones dependiente de la administraci\u00f3n p\u00fablica.<\/p>\n\n\n\n<p class=\"has-x-small-font-size\"><strong>Consulta:&nbsp;<\/strong><\/p>\n\n\n\n<div class=\"wp-block-columns is-layout-flex wp-container-core-columns-is-layout-2 wp-block-columns-is-layout-flex\">\n<div class=\"wp-block-column is-layout-flow wp-block-column-is-layout-flow\">\n<p class=\"has-text-color has-x-small-font-size\" style=\"color:#5c6183\"><a href=\"https:\/\/www.fundaciopimec.org\/publicacions\/memories\/\" class=\"ek-link\">Mem\u00f2ries d&#8217;activitat<\/a><\/p>\n\n\n\n<p class=\"has-text-color has-x-small-font-size\" style=\"color:#5c6183\"><a href=\"http:\/\/www.fundaciopimec.org\/wp-content\/uploads\/Estatuts-Fundacio-PIMEC.pdf\" class=\"ek-link\">Estatuts<\/a><\/p>\n\n\n\n<p class=\"has-text-color has-x-small-font-size\" style=\"color:#5c6183\"><a href=\"http:\/\/www.fundaciopimec.org\/wp-content\/uploads\/comptes-anuals-202-2024-web.pdf\" target=\"_blank\" rel=\"noreferrer noopener\">Comptes anuals 2020-2024<\/a><\/p>\n\n\n\n<p class=\"has-text-color has-x-small-font-size\" style=\"color:#5c6183\"><a aria-label=\"Subvencions&nbsp; (opens in a new tab)\" href=\"https:\/\/www.fundaciopimec.org\/es\/la-fundacion\/transparencia\/subvenciones-fundacio-pimec-2\/\" target=\"_blank\" rel=\"noreferrer noopener\" class=\"ek-link\">Subvencion<\/a><a href=\"https:\/\/www.fundaciopimec.org\/es\/la-fundacion\/transparencia\/subvenciones-fundacio-pimec-2\/\" target=\"_blank\" aria-label=\"Subvencions&nbsp; (opens in a new tab)\" rel=\"noreferrer noopener\" class=\"ek-link\">e<\/a><a aria-label=\"Subvencions&nbsp; (opens in a new tab)\" href=\"https:\/\/www.fundaciopimec.org\/es\/la-fundacion\/transparencia\/subvenciones-fundacio-pimec-2\/\" target=\"_blank\" rel=\"noreferrer noopener\" class=\"ek-link\">s&nbsp;<\/a><\/p>\n\n\n\n<p class=\"has-text-color has-x-small-font-size\" style=\"color:#5c6183\"><a href=\"https:\/\/www.fundaciopimec.org\/la-fundacio\/transparencia\/auditories-fundacio-pimec\/\" class=\"ek-link\"><\/a><a href=\"https:\/\/www.fundaciopimec.org\/es\/la-fundacion\/transparencia\/auditorias-fundacio-pimec\/\" class=\"ek-link\">Auditor\u00edas<\/a><\/p>\n\n\n\n<p class=\"has-text-color has-x-small-font-size\" style=\"color:#5c6183\"><a href=\"http:\/\/www.fundaciopimec.org\/wp-content\/uploads\/registre_de_grups_dinteres_de_catalunya-1.pdf\" class=\"ek-link\">Registre de grups d&#8217;inter\u00e8s de Catalunya<\/a><\/p>\n<\/div>\n<\/div>\n<\/div>\n<\/div>\n","protected":false},"excerpt":{"rendered":"<p>Transparencia En el actual contexto econ\u00f3mico, social, pol\u00edtico y econ\u00f3mico del pa\u00eds, el derecho de los ciudadanos a la transparencia de la actividad p\u00fablica y del acceso a la informaci\u00f3n relevante es m\u00e1s determinante que nunca. Siguiendo los valores de Pimec de independencia, honestidad y transparencia, y dando cumplimiento a la Ley 19\/2014, del 29 [&hellip;]<\/p>\n","protected":false},"author":8,"featured_media":0,"parent":2317,"menu_order":0,"comment_status":"closed","ping_status":"closed","template":"","meta":{"_editorskit_title_hidden":false,"_editorskit_reading_time":0,"_editorskit_is_block_options_detached":false,"_editorskit_block_options_position":"{}","footnotes":""},"class_list":["post-2325","page","type-page","status-publish","hentry"],"yoast_head":"<!-- This site is optimized with the Yoast SEO plugin v21.5 - https:\/\/yoast.com\/wordpress\/plugins\/seo\/ -->\n<title>Transparencia - Fundaci\u00f3 PIMEC<\/title>\n<meta name=\"robots\" content=\"index, follow, max-snippet:-1, max-image-preview:large, max-video-preview:-1\" \/>\n<link rel=\"canonical\" href=\"https:\/\/www.fundaciopimec.org\/es\/la-fundacion\/transparencia\/\" \/>\n<meta property=\"og:locale\" content=\"es_ES\" \/>\n<meta property=\"og:type\" content=\"article\" \/>\n<meta property=\"og:title\" content=\"Transparencia - Fundaci\u00f3 PIMEC\" \/>\n<meta property=\"og:description\" content=\"Transparencia En el actual contexto econ\u00f3mico, social, pol\u00edtico y econ\u00f3mico del pa\u00eds, el derecho de los ciudadanos a la transparencia de la actividad p\u00fablica y del acceso a la informaci\u00f3n relevante es m\u00e1s determinante que nunca. Siguiendo los valores de Pimec de independencia, honestidad y transparencia, y dando cumplimiento a la Ley 19\/2014, del 29 [&hellip;]\" \/>\n<meta property=\"og:url\" content=\"https:\/\/www.fundaciopimec.org\/es\/la-fundacion\/transparencia\/\" \/>\n<meta property=\"og:site_name\" content=\"Fundaci\u00f3 PIMEC\" \/>\n<meta property=\"article:modified_time\" content=\"2025-07-21T10:57:04+00:00\" \/>\n<meta property=\"og:image\" content=\"https:\/\/www.fundaciopimec.org\/wp-content\/uploads\/fund_transparenciaok-1.jpg\" \/>\n<meta name=\"twitter:card\" content=\"summary_large_image\" \/>\n<meta name=\"twitter:label1\" content=\"Tiempo de lectura\" \/>\n\t<meta name=\"twitter:data1\" content=\"1 minuto\" \/>\n<script type=\"application\/ld+json\" class=\"yoast-schema-graph\">{\"@context\":\"https:\/\/schema.org\",\"@graph\":[{\"@type\":\"WebPage\",\"@id\":\"https:\/\/www.fundaciopimec.org\/es\/la-fundacion\/transparencia\/\",\"url\":\"https:\/\/www.fundaciopimec.org\/es\/la-fundacion\/transparencia\/\",\"name\":\"Transparencia - Fundaci\u00f3 PIMEC\",\"isPartOf\":{\"@id\":\"https:\/\/www.fundaciopimec.org\/es\/#website\"},\"datePublished\":\"2023-08-01T10:58:43+00:00\",\"dateModified\":\"2025-07-21T10:57:04+00:00\",\"breadcrumb\":{\"@id\":\"https:\/\/www.fundaciopimec.org\/es\/la-fundacion\/transparencia\/#breadcrumb\"},\"inLanguage\":\"es\",\"potentialAction\":[{\"@type\":\"ReadAction\",\"target\":[\"https:\/\/www.fundaciopimec.org\/es\/la-fundacion\/transparencia\/\"]}]},{\"@type\":\"BreadcrumbList\",\"@id\":\"https:\/\/www.fundaciopimec.org\/es\/la-fundacion\/transparencia\/#breadcrumb\",\"itemListElement\":[{\"@type\":\"ListItem\",\"position\":1,\"name\":\"Portada\",\"item\":\"https:\/\/www.fundaciopimec.org\/es\/\"},{\"@type\":\"ListItem\",\"position\":2,\"name\":\"La Fundaci\u00f3\",\"item\":\"https:\/\/www.fundaciopimec.org\/es\/la-fundacion\/\"},{\"@type\":\"ListItem\",\"position\":3,\"name\":\"Transparencia\"}]},{\"@type\":\"WebSite\",\"@id\":\"https:\/\/www.fundaciopimec.org\/es\/#website\",\"url\":\"https:\/\/www.fundaciopimec.org\/es\/\",\"name\":\"Fundaci\u00f3 PIMEC\",\"description\":\"Fundaci\u00f3n PIMEC. Hacia una nueva forma de hacer y ser empresa. Apoyo personal y empresarial. Integraci\u00f3n y diversidad. Empresa y compromiso comunitario.\",\"publisher\":{\"@id\":\"https:\/\/www.fundaciopimec.org\/es\/#organization\"},\"potentialAction\":[{\"@type\":\"SearchAction\",\"target\":{\"@type\":\"EntryPoint\",\"urlTemplate\":\"https:\/\/www.fundaciopimec.org\/es\/?s={search_term_string}\"},\"query-input\":\"required name=search_term_string\"}],\"inLanguage\":\"es\"},{\"@type\":\"Organization\",\"@id\":\"https:\/\/www.fundaciopimec.org\/es\/#organization\",\"name\":\"Fundaci\u00f3 PIMEC\",\"url\":\"https:\/\/www.fundaciopimec.org\/es\/\",\"logo\":{\"@type\":\"ImageObject\",\"inLanguage\":\"es\",\"@id\":\"https:\/\/www.fundaciopimec.org\/es\/#\/schema\/logo\/image\/\",\"url\":\"https:\/\/www.fundaciopimec.org\/wp-content\/uploads\/Fundacio-Pimec.png\",\"contentUrl\":\"https:\/\/www.fundaciopimec.org\/wp-content\/uploads\/Fundacio-Pimec.png\",\"width\":1459,\"height\":199,\"caption\":\"Fundaci\u00f3 PIMEC\"},\"image\":{\"@id\":\"https:\/\/www.fundaciopimec.org\/es\/#\/schema\/logo\/image\/\"}}]}<\/script>\n<!-- \/ Yoast SEO plugin. -->","yoast_head_json":{"title":"Transparencia - Fundaci\u00f3 PIMEC","robots":{"index":"index","follow":"follow","max-snippet":"max-snippet:-1","max-image-preview":"max-image-preview:large","max-video-preview":"max-video-preview:-1"},"canonical":"https:\/\/www.fundaciopimec.org\/es\/la-fundacion\/transparencia\/","og_locale":"es_ES","og_type":"article","og_title":"Transparencia - Fundaci\u00f3 PIMEC","og_description":"Transparencia En el actual contexto econ\u00f3mico, social, pol\u00edtico y econ\u00f3mico del pa\u00eds, el derecho de los ciudadanos a la transparencia de la actividad p\u00fablica y del acceso a la informaci\u00f3n relevante es m\u00e1s determinante que nunca. Siguiendo los valores de Pimec de independencia, honestidad y transparencia, y dando cumplimiento a la Ley 19\/2014, del 29 [&hellip;]","og_url":"https:\/\/www.fundaciopimec.org\/es\/la-fundacion\/transparencia\/","og_site_name":"Fundaci\u00f3 PIMEC","article_modified_time":"2025-07-21T10:57:04+00:00","og_image":[{"url":"https:\/\/www.fundaciopimec.org\/wp-content\/uploads\/fund_transparenciaok-1.jpg"}],"twitter_card":"summary_large_image","twitter_misc":{"Tiempo de lectura":"1 minuto"},"schema":{"@context":"https:\/\/schema.org","@graph":[{"@type":"WebPage","@id":"https:\/\/www.fundaciopimec.org\/es\/la-fundacion\/transparencia\/","url":"https:\/\/www.fundaciopimec.org\/es\/la-fundacion\/transparencia\/","name":"Transparencia - Fundaci\u00f3 PIMEC","isPartOf":{"@id":"https:\/\/www.fundaciopimec.org\/es\/#website"},"datePublished":"2023-08-01T10:58:43+00:00","dateModified":"2025-07-21T10:57:04+00:00","breadcrumb":{"@id":"https:\/\/www.fundaciopimec.org\/es\/la-fundacion\/transparencia\/#breadcrumb"},"inLanguage":"es","potentialAction":[{"@type":"ReadAction","target":["https:\/\/www.fundaciopimec.org\/es\/la-fundacion\/transparencia\/"]}]},{"@type":"BreadcrumbList","@id":"https:\/\/www.fundaciopimec.org\/es\/la-fundacion\/transparencia\/#breadcrumb","itemListElement":[{"@type":"ListItem","position":1,"name":"Portada","item":"https:\/\/www.fundaciopimec.org\/es\/"},{"@type":"ListItem","position":2,"name":"La Fundaci\u00f3","item":"https:\/\/www.fundaciopimec.org\/es\/la-fundacion\/"},{"@type":"ListItem","position":3,"name":"Transparencia"}]},{"@type":"WebSite","@id":"https:\/\/www.fundaciopimec.org\/es\/#website","url":"https:\/\/www.fundaciopimec.org\/es\/","name":"Fundaci\u00f3 PIMEC","description":"Fundaci\u00f3n PIMEC. Hacia una nueva forma de hacer y ser empresa. Apoyo personal y empresarial. Integraci\u00f3n y diversidad. Empresa y compromiso comunitario.","publisher":{"@id":"https:\/\/www.fundaciopimec.org\/es\/#organization"},"potentialAction":[{"@type":"SearchAction","target":{"@type":"EntryPoint","urlTemplate":"https:\/\/www.fundaciopimec.org\/es\/?s={search_term_string}"},"query-input":"required name=search_term_string"}],"inLanguage":"es"},{"@type":"Organization","@id":"https:\/\/www.fundaciopimec.org\/es\/#organization","name":"Fundaci\u00f3 PIMEC","url":"https:\/\/www.fundaciopimec.org\/es\/","logo":{"@type":"ImageObject","inLanguage":"es","@id":"https:\/\/www.fundaciopimec.org\/es\/#\/schema\/logo\/image\/","url":"https:\/\/www.fundaciopimec.org\/wp-content\/uploads\/Fundacio-Pimec.png","contentUrl":"https:\/\/www.fundaciopimec.org\/wp-content\/uploads\/Fundacio-Pimec.png","width":1459,"height":199,"caption":"Fundaci\u00f3 PIMEC"},"image":{"@id":"https:\/\/www.fundaciopimec.org\/es\/#\/schema\/logo\/image\/"}}]}},"_links":{"self":[{"href":"https:\/\/www.fundaciopimec.org\/es\/wp-json\/wp\/v2\/pages\/2325","targetHints":{"allow":["GET"]}}],"collection":[{"href":"https:\/\/www.fundaciopimec.org\/es\/wp-json\/wp\/v2\/pages"}],"about":[{"href":"https:\/\/www.fundaciopimec.org\/es\/wp-json\/wp\/v2\/types\/page"}],"author":[{"embeddable":true,"href":"https:\/\/www.fundaciopimec.org\/es\/wp-json\/wp\/v2\/users\/8"}],"replies":[{"embeddable":true,"href":"https:\/\/www.fundaciopimec.org\/es\/wp-json\/wp\/v2\/comments?post=2325"}],"version-history":[{"count":13,"href":"https:\/\/www.fundaciopimec.org\/es\/wp-json\/wp\/v2\/pages\/2325\/revisions"}],"predecessor-version":[{"id":4899,"href":"https:\/\/www.fundaciopimec.org\/es\/wp-json\/wp\/v2\/pages\/2325\/revisions\/4899"}],"up":[{"embeddable":true,"href":"https:\/\/www.fundaciopimec.org\/es\/wp-json\/wp\/v2\/pages\/2317"}],"wp:attachment":[{"href":"https:\/\/www.fundaciopimec.org\/es\/wp-json\/wp\/v2\/media?parent=2325"}],"curies":[{"name":"wp","href":"https:\/\/api.w.org\/{rel}","templated":true}]}}