{"id":3032,"date":"2024-01-25T12:16:04","date_gmt":"2024-01-25T12:16:04","guid":{"rendered":"https:\/\/www.fundaciopimec.org\/?page_id=3032"},"modified":"2025-04-22T14:03:55","modified_gmt":"2025-04-22T14:03:55","slug":"pyme-y-salud","status":"publish","type":"page","link":"https:\/\/www.fundaciopimec.org\/es\/que-hacemos\/pyme-y-salud\/","title":{"rendered":"Pyme y Salud"},"content":{"rendered":"\n<div class=\"wp-block-columns is-layout-flex wp-container-core-columns-is-layout-1 wp-block-columns-is-layout-flex\">\n<div class=\"wp-block-column is-layout-flow wp-block-column-is-layout-flow\" style=\"flex-basis:100%\">\n<figure class=\"wp-block-image size-large is-resized has-custom-border\" id=\"\u00edndice\"><img loading=\"lazy\" decoding=\"async\" width=\"1024\" height=\"256\" src=\"https:\/\/www.fundaciopimec.org\/wp-content\/uploads\/pime-i-salut-1024x256.jpg\" alt=\"\" class=\"wp-image-3488\" style=\"border-radius:20px;object-fit:cover;width:1200px;height:300px\" srcset=\"https:\/\/www.fundaciopimec.org\/wp-content\/uploads\/pime-i-salut-1024x256.jpg 1024w, https:\/\/www.fundaciopimec.org\/wp-content\/uploads\/pime-i-salut-300x75.jpg 300w, https:\/\/www.fundaciopimec.org\/wp-content\/uploads\/pime-i-salut-768x192.jpg 768w, https:\/\/www.fundaciopimec.org\/wp-content\/uploads\/pime-i-salut.jpg 1200w\" sizes=\"auto, (max-width: 1024px) 100vw, 1024px\" \/><\/figure>\n<\/div>\n<\/div>\n\n\n\n<h1 class=\"wp-block-heading has-georgia-reckless-font-family\">Pyme y Salud<\/h1>\n\n\n\n<blockquote class=\"wp-block-quote is-layout-flow wp-block-quote-is-layout-flow\">\n<p class=\"has-text-align-center\"><em>Impulsamos una transformaci\u00f3n y sensibilizaci\u00f3n empresarial para mantener los centros de trabajo como entornos saludables<\/em><\/p>\n<\/blockquote>\n\n\n\n<div class=\"wp-block-columns is-layout-flex wp-container-core-columns-is-layout-2 wp-block-columns-is-layout-flex\">\n<div class=\"wp-block-column is-layout-flow wp-block-column-is-layout-flow\">\n<p class=\"has-x-small-font-size\">Concienciar y contribuir a que las micropymes y pymes sean espacios de promoci\u00f3n de la salud y el bienestar emocional.<\/p>\n<\/div>\n<\/div>\n\n\n\n<p class=\"has-x-small-font-size\">Pulsa en cada opci\u00f3n para ver el detalle:<\/p>\n\n\n\n<div class=\"wp-block-columns is-layout-flex wp-container-core-columns-is-layout-3 wp-block-columns-is-layout-flex\">\n<div class=\"wp-block-column is-layout-flow wp-block-column-is-layout-flow\">\n<div class=\"wp-block-buttons is-content-justification-center is-layout-flex wp-container-core-buttons-is-layout-1 wp-block-buttons-is-layout-flex\">\n<div class=\"wp-block-button has-custom-width wp-block-button__width-75 has-custom-font-size has-poppins-font-family has-x-small-font-size\"><a class=\"wp-block-button__link has-base-color has-text-color has-background has-link-color wp-element-button\" href=\"#emocional\" style=\"background-color:#4e69a4\">Servicio de atenci\u00f3n y acompa\u00f1amiento emocional<\/a><\/div>\n<\/div>\n<\/div>\n\n\n\n<div class=\"wp-block-column is-layout-flow wp-block-column-is-layout-flow\">\n<div class=\"wp-block-buttons is-content-justification-center is-layout-flex wp-container-core-buttons-is-layout-2 wp-block-buttons-is-layout-flex\">\n<div class=\"wp-block-button has-custom-width wp-block-button__width-75 has-custom-font-size has-poppins-font-family has-x-small-font-size\"><a class=\"wp-block-button__link has-base-color has-text-color has-background has-link-color wp-element-button\" href=\"#ajuda\" style=\"background-color:#4e69a4\">Herramientas de ayuda a Mipyme<\/a><\/div>\n<\/div>\n<\/div>\n\n\n\n<div class=\"wp-block-column is-layout-flow wp-block-column-is-layout-flow\">\n<div class=\"wp-block-buttons is-content-justification-center is-layout-flex wp-container-core-buttons-is-layout-3 wp-block-buttons-is-layout-flex\">\n<div class=\"wp-block-button has-custom-width wp-block-button__width-75 has-custom-font-size has-poppins-font-family has-x-small-font-size\"><a class=\"wp-block-button__link has-base-color has-text-color has-background has-link-color wp-element-button\" href=\"#mediambiental\" style=\"background-color:#4e69a4\">Empresas y salud medioambiental<\/a><\/div>\n<\/div>\n<\/div>\n<\/div>\n\n\n\n<div style=\"height:20px\" aria-hidden=\"true\" class=\"wp-block-spacer\"><\/div>\n\n\n\n<hr class=\"wp-block-separator has-text-color has-grisclar-color has-alpha-channel-opacity has-grisclar-background-color has-background\" id=\"emocional\"\/>\n\n\n\n<div style=\"height:20px\" aria-hidden=\"true\" class=\"wp-block-spacer\"><\/div>\n\n\n\n<div class=\"wp-block-columns is-layout-flex wp-container-core-columns-is-layout-4 wp-block-columns-is-layout-flex\">\n<div class=\"wp-block-column has-border-color has-background is-layout-flow wp-block-column-is-layout-flow\" style=\"border-color:#e6e6e6;border-width:1px;border-radius:20px;background-color:#f9f9f9;padding-top:var(--wp--preset--spacing--30);padding-right:var(--wp--preset--spacing--30);padding-bottom:var(--wp--preset--spacing--30);padding-left:var(--wp--preset--spacing--30)\">\n<h3 class=\"wp-block-heading has-georgia-reckless-font-family\">Servicio de atenci\u00f3n y acompa\u00f1amiento emocional<\/h3>\n\n\n\n<p class=\"has-x-small-font-size\">Cada vez hay m\u00e1s personas empresarias y aut\u00f3nomas que manifiestan problemas de concentraci\u00f3n, de estr\u00e9s, de conciliaci\u00f3n del sue\u00f1o y, sobre todo, dificultades para gestionar las decisiones del d\u00eda a d\u00eda que afectan directamente a la calidad y el bienestar de su vida profesional y personal.<\/p>\n\n\n\n<p class=\"has-x-small-font-size\">Para reducir estas situaciones de estr\u00e9s emocional y&nbsp;<em>burnout<\/em>, ofrecemos un servicio de ayuda psicol\u00f3gica gratuita y confidencial a personas empresarias, a sus plantillas, as\u00ed como a sus familias.<\/p>\n\n\n\n<ul class=\"wp-block-list has-x-small-font-size has-x-small-font-size\">\n<li>Servicio de atenci\u00f3n telef\u00f3nica de 24 horas, los 365 d\u00edas del a\u00f1o, atendido por profesionales de la salud.<\/li>\n\n\n\n<li>Atenci\u00f3n individual o grupal con profesional de la psicolog\u00eda.<\/li>\n\n\n\n<li>Coaching empresarial: reenfoque y empoderamiento personal<\/li>\n\n\n\n<li>Mindfulness<\/li>\n<\/ul>\n\n\n\n<p class=\"has-x-small-font-size\">En colaboraci\u00f3n con la Fundaci\u00f3n Salud y Persona, Ammfeina Salut Mental de Catalu\u00f1a, el Institut Gestalt y personas voluntarias profesionales de la salud.<\/p>\n\n\n\n<p class=\"has-text-align-right has-x-small-font-size\"><strong><a href=\"#\u00edndice\" class=\"ek-link\">Vuelve al \u00edndice<\/a><\/strong><\/p>\n<\/div>\n<\/div>\n\n\n\n<div style=\"height:30px\" aria-hidden=\"true\" id=\"ajuda\" class=\"wp-block-spacer\"><\/div>\n\n\n\n<div class=\"wp-block-columns is-layout-flex wp-container-core-columns-is-layout-5 wp-block-columns-is-layout-flex\">\n<div class=\"wp-block-column has-border-color has-background is-layout-flow wp-block-column-is-layout-flow\" style=\"border-color:#e6e6e6;border-width:1px;border-radius:20px;background-color:#f9f9f9;padding-top:var(--wp--preset--spacing--30);padding-right:var(--wp--preset--spacing--30);padding-bottom:var(--wp--preset--spacing--30);padding-left:var(--wp--preset--spacing--30)\">\n<h3 class=\"wp-block-heading has-georgia-reckless-font-family\"><strong>Herramientas de ayuda a la Mipyme<\/strong><\/h3>\n\n\n\n<p class=\"has-x-small-font-size\">Trabajamos en convenio con entidades de la salud a nivel europeo, en proyectos de investigaci\u00f3n e implementaci\u00f3n de herramientas que mejoren la salud mental en las micropymes y pymes.<\/p>\n\n\n\n<p class=\"has-text-align-right has-x-small-font-size\"><a href=\"#\u00edndex\" class=\"ek-link\"><\/a><strong><strong><a href=\"#\u00edndice\" class=\"ek-link\">Vuelve al \u00edndice<\/a><\/strong><\/strong><\/p>\n<\/div>\n<\/div>\n\n\n\n<div style=\"height:30px\" aria-hidden=\"true\" id=\"mediambiental\" class=\"wp-block-spacer\"><\/div>\n\n\n\n<div class=\"wp-block-columns is-layout-flex wp-container-core-columns-is-layout-6 wp-block-columns-is-layout-flex\">\n<div class=\"wp-block-column has-border-color has-background is-layout-flow wp-block-column-is-layout-flow\" style=\"border-color:#e6e6e6;border-width:1px;border-radius:20px;background-color:#f9f9f9;padding-top:var(--wp--preset--spacing--30);padding-right:var(--wp--preset--spacing--30);padding-bottom:var(--wp--preset--spacing--30);padding-left:var(--wp--preset--spacing--30)\">\n<h3 class=\"wp-block-heading has-georgia-reckless-font-family\"><strong>Empresas y Salud medioambiental<\/strong><\/h3>\n\n\n\n<p class=\"has-x-small-font-size\"><em>Efecto futuro de las nuevas formas de trabajo y la degradaci\u00f3n del medio ambiente en la salud de las personas y del entorno.<\/em><\/p>\n\n\n\n<p class=\"has-x-small-font-size\">Participamos en observatorios y eventos internacionales de innovaci\u00f3n y reflexi\u00f3n en torno al cambio clim\u00e1tico, la salud y la enfermedad medioambiental.<\/p>\n\n\n\n<p class=\"has-text-align-right has-x-small-font-size\"><strong><a href=\"#\u00edndice\" class=\"ek-link\">Vuelve al \u00edndice<\/a><\/strong><\/p>\n<\/div>\n<\/div>\n","protected":false},"excerpt":{"rendered":"<p>Pyme y Salud Impulsamos una transformaci\u00f3n y sensibilizaci\u00f3n empresarial para mantener los centros de trabajo como entornos saludables Concienciar y contribuir a que las micropymes y pymes sean espacios de promoci\u00f3n de la salud y el bienestar emocional. Pulsa en cada opci\u00f3n para ver el detalle: Servicio de atenci\u00f3n y acompa\u00f1amiento emocional Cada vez hay [&hellip;]<\/p>\n","protected":false},"author":8,"featured_media":0,"parent":2281,"menu_order":0,"comment_status":"closed","ping_status":"closed","template":"","meta":{"_editorskit_title_hidden":false,"_editorskit_reading_time":0,"_editorskit_is_block_options_detached":false,"_editorskit_block_options_position":"{}","footnotes":""},"class_list":["post-3032","page","type-page","status-publish","hentry"],"yoast_head":"<!-- This site is optimized with the Yoast SEO plugin v21.5 - https:\/\/yoast.com\/wordpress\/plugins\/seo\/ -->\n<title>Pyme y Salud - Fundaci\u00f3 PIMEC<\/title>\n<meta name=\"robots\" content=\"index, follow, max-snippet:-1, max-image-preview:large, max-video-preview:-1\" \/>\n<link rel=\"canonical\" href=\"https:\/\/www.fundaciopimec.org\/es\/que-hacemos\/pyme-y-salud\/\" \/>\n<meta property=\"og:locale\" content=\"es_ES\" \/>\n<meta property=\"og:type\" content=\"article\" \/>\n<meta property=\"og:title\" content=\"Pyme y Salud - Fundaci\u00f3 PIMEC\" \/>\n<meta property=\"og:description\" content=\"Pyme y Salud Impulsamos una transformaci\u00f3n y sensibilizaci\u00f3n empresarial para mantener los centros de trabajo como entornos saludables Concienciar y contribuir a que las micropymes y pymes sean espacios de promoci\u00f3n de la salud y el bienestar emocional. Pulsa en cada opci\u00f3n para ver el detalle: Servicio de atenci\u00f3n y acompa\u00f1amiento emocional Cada vez hay [&hellip;]\" \/>\n<meta property=\"og:url\" content=\"https:\/\/www.fundaciopimec.org\/es\/que-hacemos\/pyme-y-salud\/\" \/>\n<meta property=\"og:site_name\" content=\"Fundaci\u00f3 PIMEC\" \/>\n<meta property=\"article:modified_time\" content=\"2025-04-22T14:03:55+00:00\" \/>\n<meta property=\"og:image\" content=\"https:\/\/www.fundaciopimec.org\/wp-content\/uploads\/pime-i-salut-1024x256.jpg\" \/>\n<meta name=\"twitter:card\" content=\"summary_large_image\" \/>\n<meta name=\"twitter:label1\" content=\"Tiempo de lectura\" \/>\n\t<meta name=\"twitter:data1\" content=\"2 minutos\" \/>\n<script type=\"application\/ld+json\" class=\"yoast-schema-graph\">{\"@context\":\"https:\/\/schema.org\",\"@graph\":[{\"@type\":\"WebPage\",\"@id\":\"https:\/\/www.fundaciopimec.org\/es\/que-hacemos\/pyme-y-salud\/\",\"url\":\"https:\/\/www.fundaciopimec.org\/es\/que-hacemos\/pyme-y-salud\/\",\"name\":\"Pyme y Salud - Fundaci\u00f3 PIMEC\",\"isPartOf\":{\"@id\":\"https:\/\/www.fundaciopimec.org\/es\/#website\"},\"datePublished\":\"2024-01-25T12:16:04+00:00\",\"dateModified\":\"2025-04-22T14:03:55+00:00\",\"breadcrumb\":{\"@id\":\"https:\/\/www.fundaciopimec.org\/es\/que-hacemos\/pyme-y-salud\/#breadcrumb\"},\"inLanguage\":\"es\",\"potentialAction\":[{\"@type\":\"ReadAction\",\"target\":[\"https:\/\/www.fundaciopimec.org\/es\/que-hacemos\/pyme-y-salud\/\"]}]},{\"@type\":\"BreadcrumbList\",\"@id\":\"https:\/\/www.fundaciopimec.org\/es\/que-hacemos\/pyme-y-salud\/#breadcrumb\",\"itemListElement\":[{\"@type\":\"ListItem\",\"position\":1,\"name\":\"Portada\",\"item\":\"https:\/\/www.fundaciopimec.org\/es\/\"},{\"@type\":\"ListItem\",\"position\":2,\"name\":\"Qu\u00e9 hacemos\",\"item\":\"https:\/\/www.fundaciopimec.org\/es\/que-hacemos\/\"},{\"@type\":\"ListItem\",\"position\":3,\"name\":\"Pyme y Salud\"}]},{\"@type\":\"WebSite\",\"@id\":\"https:\/\/www.fundaciopimec.org\/es\/#website\",\"url\":\"https:\/\/www.fundaciopimec.org\/es\/\",\"name\":\"Fundaci\u00f3 PIMEC\",\"description\":\"Fundaci\u00f3n PIMEC. Hacia una nueva forma de hacer y ser empresa. Apoyo personal y empresarial. Integraci\u00f3n y diversidad. Empresa y compromiso comunitario.\",\"publisher\":{\"@id\":\"https:\/\/www.fundaciopimec.org\/es\/#organization\"},\"potentialAction\":[{\"@type\":\"SearchAction\",\"target\":{\"@type\":\"EntryPoint\",\"urlTemplate\":\"https:\/\/www.fundaciopimec.org\/es\/?s={search_term_string}\"},\"query-input\":\"required name=search_term_string\"}],\"inLanguage\":\"es\"},{\"@type\":\"Organization\",\"@id\":\"https:\/\/www.fundaciopimec.org\/es\/#organization\",\"name\":\"Fundaci\u00f3 PIMEC\",\"url\":\"https:\/\/www.fundaciopimec.org\/es\/\",\"logo\":{\"@type\":\"ImageObject\",\"inLanguage\":\"es\",\"@id\":\"https:\/\/www.fundaciopimec.org\/es\/#\/schema\/logo\/image\/\",\"url\":\"https:\/\/www.fundaciopimec.org\/wp-content\/uploads\/Fundacio-Pimec.png\",\"contentUrl\":\"https:\/\/www.fundaciopimec.org\/wp-content\/uploads\/Fundacio-Pimec.png\",\"width\":1459,\"height\":199,\"caption\":\"Fundaci\u00f3 PIMEC\"},\"image\":{\"@id\":\"https:\/\/www.fundaciopimec.org\/es\/#\/schema\/logo\/image\/\"}}]}<\/script>\n<!-- \/ Yoast SEO plugin. -->","yoast_head_json":{"title":"Pyme y Salud - Fundaci\u00f3 PIMEC","robots":{"index":"index","follow":"follow","max-snippet":"max-snippet:-1","max-image-preview":"max-image-preview:large","max-video-preview":"max-video-preview:-1"},"canonical":"https:\/\/www.fundaciopimec.org\/es\/que-hacemos\/pyme-y-salud\/","og_locale":"es_ES","og_type":"article","og_title":"Pyme y Salud - Fundaci\u00f3 PIMEC","og_description":"Pyme y Salud Impulsamos una transformaci\u00f3n y sensibilizaci\u00f3n empresarial para mantener los centros de trabajo como entornos saludables Concienciar y contribuir a que las micropymes y pymes sean espacios de promoci\u00f3n de la salud y el bienestar emocional. Pulsa en cada opci\u00f3n para ver el detalle: Servicio de atenci\u00f3n y acompa\u00f1amiento emocional Cada vez hay [&hellip;]","og_url":"https:\/\/www.fundaciopimec.org\/es\/que-hacemos\/pyme-y-salud\/","og_site_name":"Fundaci\u00f3 PIMEC","article_modified_time":"2025-04-22T14:03:55+00:00","og_image":[{"url":"https:\/\/www.fundaciopimec.org\/wp-content\/uploads\/pime-i-salut-1024x256.jpg"}],"twitter_card":"summary_large_image","twitter_misc":{"Tiempo de lectura":"2 minutos"},"schema":{"@context":"https:\/\/schema.org","@graph":[{"@type":"WebPage","@id":"https:\/\/www.fundaciopimec.org\/es\/que-hacemos\/pyme-y-salud\/","url":"https:\/\/www.fundaciopimec.org\/es\/que-hacemos\/pyme-y-salud\/","name":"Pyme y Salud - Fundaci\u00f3 PIMEC","isPartOf":{"@id":"https:\/\/www.fundaciopimec.org\/es\/#website"},"datePublished":"2024-01-25T12:16:04+00:00","dateModified":"2025-04-22T14:03:55+00:00","breadcrumb":{"@id":"https:\/\/www.fundaciopimec.org\/es\/que-hacemos\/pyme-y-salud\/#breadcrumb"},"inLanguage":"es","potentialAction":[{"@type":"ReadAction","target":["https:\/\/www.fundaciopimec.org\/es\/que-hacemos\/pyme-y-salud\/"]}]},{"@type":"BreadcrumbList","@id":"https:\/\/www.fundaciopimec.org\/es\/que-hacemos\/pyme-y-salud\/#breadcrumb","itemListElement":[{"@type":"ListItem","position":1,"name":"Portada","item":"https:\/\/www.fundaciopimec.org\/es\/"},{"@type":"ListItem","position":2,"name":"Qu\u00e9 hacemos","item":"https:\/\/www.fundaciopimec.org\/es\/que-hacemos\/"},{"@type":"ListItem","position":3,"name":"Pyme y Salud"}]},{"@type":"WebSite","@id":"https:\/\/www.fundaciopimec.org\/es\/#website","url":"https:\/\/www.fundaciopimec.org\/es\/","name":"Fundaci\u00f3 PIMEC","description":"Fundaci\u00f3n PIMEC. Hacia una nueva forma de hacer y ser empresa. Apoyo personal y empresarial. Integraci\u00f3n y diversidad. Empresa y compromiso comunitario.","publisher":{"@id":"https:\/\/www.fundaciopimec.org\/es\/#organization"},"potentialAction":[{"@type":"SearchAction","target":{"@type":"EntryPoint","urlTemplate":"https:\/\/www.fundaciopimec.org\/es\/?s={search_term_string}"},"query-input":"required name=search_term_string"}],"inLanguage":"es"},{"@type":"Organization","@id":"https:\/\/www.fundaciopimec.org\/es\/#organization","name":"Fundaci\u00f3 PIMEC","url":"https:\/\/www.fundaciopimec.org\/es\/","logo":{"@type":"ImageObject","inLanguage":"es","@id":"https:\/\/www.fundaciopimec.org\/es\/#\/schema\/logo\/image\/","url":"https:\/\/www.fundaciopimec.org\/wp-content\/uploads\/Fundacio-Pimec.png","contentUrl":"https:\/\/www.fundaciopimec.org\/wp-content\/uploads\/Fundacio-Pimec.png","width":1459,"height":199,"caption":"Fundaci\u00f3 PIMEC"},"image":{"@id":"https:\/\/www.fundaciopimec.org\/es\/#\/schema\/logo\/image\/"}}]}},"_links":{"self":[{"href":"https:\/\/www.fundaciopimec.org\/es\/wp-json\/wp\/v2\/pages\/3032","targetHints":{"allow":["GET"]}}],"collection":[{"href":"https:\/\/www.fundaciopimec.org\/es\/wp-json\/wp\/v2\/pages"}],"about":[{"href":"https:\/\/www.fundaciopimec.org\/es\/wp-json\/wp\/v2\/types\/page"}],"author":[{"embeddable":true,"href":"https:\/\/www.fundaciopimec.org\/es\/wp-json\/wp\/v2\/users\/8"}],"replies":[{"embeddable":true,"href":"https:\/\/www.fundaciopimec.org\/es\/wp-json\/wp\/v2\/comments?post=3032"}],"version-history":[{"count":10,"href":"https:\/\/www.fundaciopimec.org\/es\/wp-json\/wp\/v2\/pages\/3032\/revisions"}],"predecessor-version":[{"id":4699,"href":"https:\/\/www.fundaciopimec.org\/es\/wp-json\/wp\/v2\/pages\/3032\/revisions\/4699"}],"up":[{"embeddable":true,"href":"https:\/\/www.fundaciopimec.org\/es\/wp-json\/wp\/v2\/pages\/2281"}],"wp:attachment":[{"href":"https:\/\/www.fundaciopimec.org\/es\/wp-json\/wp\/v2\/media?parent=3032"}],"curies":[{"name":"wp","href":"https:\/\/api.w.org\/{rel}","templated":true}]}}