{"id":3035,"date":"2024-01-25T12:35:46","date_gmt":"2024-01-25T12:35:46","guid":{"rendered":"https:\/\/www.fundaciopimec.org\/?page_id=3035"},"modified":"2025-04-22T13:52:53","modified_gmt":"2025-04-22T13:52:53","slug":"pyme-y-sostenibilidad","status":"publish","type":"page","link":"https:\/\/www.fundaciopimec.org\/es\/que-hacemos\/pyme-y-sostenibilidad\/","title":{"rendered":"Pyme y Sostenibilidad"},"content":{"rendered":"\n<div class=\"wp-block-columns is-layout-flex wp-container-core-columns-is-layout-1 wp-block-columns-is-layout-flex\">\n<div class=\"wp-block-column is-layout-flow wp-block-column-is-layout-flow\" style=\"flex-basis:100%\">\n<figure class=\"wp-block-image size-large is-resized has-custom-border\" id=\"\u00edndice\"><img loading=\"lazy\" decoding=\"async\" width=\"1024\" height=\"256\" src=\"https:\/\/www.fundaciopimec.org\/wp-content\/uploads\/rural-1024x256.jpg\" alt=\"\" class=\"wp-image-3496\" style=\"border-radius:20px;object-fit:cover;width:1200px;height:300px\" srcset=\"https:\/\/www.fundaciopimec.org\/wp-content\/uploads\/rural-1024x256.jpg 1024w, https:\/\/www.fundaciopimec.org\/wp-content\/uploads\/rural-300x75.jpg 300w, https:\/\/www.fundaciopimec.org\/wp-content\/uploads\/rural-768x192.jpg 768w, https:\/\/www.fundaciopimec.org\/wp-content\/uploads\/rural.jpg 1200w\" sizes=\"auto, (max-width: 1024px) 100vw, 1024px\" \/><\/figure>\n<\/div>\n<\/div>\n\n\n\n<h2 class=\"wp-block-heading has-georgia-reckless-font-family\">Pyme y Sostenibilidad<\/h2>\n\n\n\n<blockquote class=\"wp-block-quote is-layout-flow wp-block-quote-is-layout-flow\">\n<p class=\"has-text-align-center\"><em>Impulsar y facilitar a las micro y las pymes una nueva forma de hacer y ser empresa de acuerdo con la Agenda 2030 y sus objetivos de desarrollo sostenible<\/em><\/p>\n<\/blockquote>\n\n\n\n<div style=\"height:20px\" aria-hidden=\"true\" id=\"sostenibilitat\" class=\"wp-block-spacer\"><\/div>\n\n\n\n<div class=\"wp-block-columns is-layout-flex wp-container-core-columns-is-layout-2 wp-block-columns-is-layout-flex\">\n<div class=\"wp-block-column is-layout-flow wp-block-column-is-layout-flow\">\n<div class=\"wp-block-buttons is-content-justification-center is-layout-flex wp-container-core-buttons-is-layout-1 wp-block-buttons-is-layout-flex\"><\/div>\n<\/div>\n\n\n\n<div class=\"wp-block-column is-layout-flow wp-block-column-is-layout-flow\">\n<div class=\"wp-block-buttons is-content-justification-center is-layout-flex wp-container-core-buttons-is-layout-2 wp-block-buttons-is-layout-flex\">\n<div class=\"wp-block-button has-custom-width wp-block-button__width-75 has-custom-font-size has-x-small-font-size\"><a class=\"wp-block-button__link has-base-color has-text-color has-background has-link-color wp-element-button\" href=\"#sensibilitzaci\u00f3\" style=\"background-color:#57715a\">Campa\u00f1as, seminarios de sensibilizaci\u00f3n y recursos para las empresas<\/a><\/div>\n<\/div>\n<\/div>\n\n\n\n<div class=\"wp-block-column is-layout-flow wp-block-column-is-layout-flow\">\n<div class=\"wp-block-buttons is-content-justification-center is-layout-flex wp-container-core-buttons-is-layout-3 wp-block-buttons-is-layout-flex\"><\/div>\n<\/div>\n<\/div>\n\n\n\n<hr class=\"wp-block-separator has-text-color has-grisclar-color has-alpha-channel-opacity has-grisclar-background-color has-background\" id=\"sostenibilitat\"\/>\n\n\n\n<div style=\"height:20px\" aria-hidden=\"true\" class=\"wp-block-spacer\"><\/div>\n\n\n\n<div class=\"wp-block-columns is-layout-flex wp-container-core-columns-is-layout-3 wp-block-columns-is-layout-flex\"><\/div>\n\n\n\n<div style=\"height:20px\" aria-hidden=\"true\" class=\"wp-block-spacer\"><\/div>\n\n\n\n<div class=\"wp-block-columns is-layout-flex wp-container-core-columns-is-layout-4 wp-block-columns-is-layout-flex\">\n<div class=\"wp-block-column has-border-color has-background is-layout-flow wp-block-column-is-layout-flow\" style=\"border-color:#e6e6e6;border-width:1px;border-radius:20px;background-color:#f9f9f9;padding-top:var(--wp--preset--spacing--30);padding-right:var(--wp--preset--spacing--30);padding-bottom:var(--wp--preset--spacing--30);padding-left:var(--wp--preset--spacing--30)\">\n<h3 class=\"wp-block-heading has-georgia-reckless-font-family\"><strong>Campa\u00f1as, seminarios de sensibilizaci\u00f3n y recursos para las empresas<\/strong><\/h3>\n\n\n\n<p class=\"has-x-small-font-size\">Organizamos campa\u00f1as y jornadas de sensibilizaci\u00f3n para generar conocimiento, implicaci\u00f3n y transformaci\u00f3n de las micropymes y pymes en el impulso de la Agenda 2030 y sus Objetivos de Desarrollo Sostenible (ODS).<\/p>\n\n\n\n<p class=\"has-x-small-font-size\">Promovemos la&nbsp;<strong>Campa\u00f1a \u2018Reto Sostenible\u2019,<\/strong> una iniciativa para ayudar a que las empresas sean sostenibles y respetuosas con el medio ambiente. Con esta herramienta se ayuda y promueve el impulso de acciones <strong>que favorecen el ahorro energ\u00e9tico, el consumo responsable, la vida saludable, el reciclaje y la reducci\u00f3n de residuos<\/strong>.<\/p>\n\n\n\n<p class=\"has-x-small-font-size\">Jornadas para <strong>dar respuestas<\/strong> e impulsar los ODS en las empresas, <strong>compartir experiencias<\/strong> y <strong>fortalecer alianzas<\/strong>. \u00bfQu\u00e9 pueden hacer las pymes ante la lucha para lograr un desarrollo mundial sostenible? \u00bfC\u00f3mo pueden hacerlo? \u00bfQuiz\u00e1 ya est\u00e1n trabajando al respecto sin ser conscientes de ello?<\/p>\n\n\n\n<p class=\"has-text-align-right has-x-small-font-size\" id=\"compromeses\"><strong><a href=\"#\u00edndice\" class=\"ek-link\">Vuelve al \u00edndice<\/a><\/strong><\/p>\n<\/div>\n<\/div>\n\n\n\n<div style=\"height:20px\" aria-hidden=\"true\" class=\"wp-block-spacer\"><\/div>\n\n\n\n<div class=\"wp-block-columns is-layout-flex wp-container-core-columns-is-layout-5 wp-block-columns-is-layout-flex\"><\/div>\n","protected":false},"excerpt":{"rendered":"<p>Pyme y Sostenibilidad Impulsar y facilitar a las micro y las pymes una nueva forma de hacer y ser empresa de acuerdo con la Agenda 2030 y sus objetivos de desarrollo sostenible Programa de sostenibilidad y ODS Incorporar la sostenibilidad en la estrategia empresarial es imprescindible para el crecimiento, la innovaci\u00f3n, la resiliencia y generar [&hellip;]<\/p>\n","protected":false},"author":8,"featured_media":0,"parent":2281,"menu_order":0,"comment_status":"closed","ping_status":"closed","template":"","meta":{"_editorskit_title_hidden":false,"_editorskit_reading_time":0,"_editorskit_is_block_options_detached":false,"_editorskit_block_options_position":"{}","footnotes":""},"class_list":["post-3035","page","type-page","status-publish","hentry"],"yoast_head":"<!-- This site is optimized with the Yoast SEO plugin v21.5 - https:\/\/yoast.com\/wordpress\/plugins\/seo\/ -->\n<title>Pyme y Sostenibilidad - Fundaci\u00f3 PIMEC<\/title>\n<meta name=\"robots\" content=\"index, follow, max-snippet:-1, max-image-preview:large, max-video-preview:-1\" \/>\n<link rel=\"canonical\" href=\"https:\/\/www.fundaciopimec.org\/es\/que-hacemos\/pyme-y-sostenibilidad\/\" \/>\n<meta property=\"og:locale\" content=\"es_ES\" \/>\n<meta property=\"og:type\" content=\"article\" \/>\n<meta property=\"og:title\" content=\"Pyme y Sostenibilidad - Fundaci\u00f3 PIMEC\" \/>\n<meta property=\"og:description\" content=\"Pyme y Sostenibilidad Impulsar y facilitar a las micro y las pymes una nueva forma de hacer y ser empresa de acuerdo con la Agenda 2030 y sus objetivos de desarrollo sostenible Programa de sostenibilidad y ODS Incorporar la sostenibilidad en la estrategia empresarial es imprescindible para el crecimiento, la innovaci\u00f3n, la resiliencia y generar [&hellip;]\" \/>\n<meta property=\"og:url\" content=\"https:\/\/www.fundaciopimec.org\/es\/que-hacemos\/pyme-y-sostenibilidad\/\" \/>\n<meta property=\"og:site_name\" content=\"Fundaci\u00f3 PIMEC\" \/>\n<meta property=\"article:modified_time\" content=\"2025-04-22T13:52:53+00:00\" \/>\n<meta property=\"og:image\" content=\"https:\/\/www.fundaciopimec.org\/wp-content\/uploads\/rural-1024x256.jpg\" \/>\n<meta name=\"twitter:card\" content=\"summary_large_image\" \/>\n<meta name=\"twitter:label1\" content=\"Tiempo de lectura\" \/>\n\t<meta name=\"twitter:data1\" content=\"3 minutos\" \/>\n<script type=\"application\/ld+json\" class=\"yoast-schema-graph\">{\"@context\":\"https:\/\/schema.org\",\"@graph\":[{\"@type\":\"WebPage\",\"@id\":\"https:\/\/www.fundaciopimec.org\/es\/que-hacemos\/pyme-y-sostenibilidad\/\",\"url\":\"https:\/\/www.fundaciopimec.org\/es\/que-hacemos\/pyme-y-sostenibilidad\/\",\"name\":\"Pyme y Sostenibilidad - Fundaci\u00f3 PIMEC\",\"isPartOf\":{\"@id\":\"https:\/\/www.fundaciopimec.org\/es\/#website\"},\"datePublished\":\"2024-01-25T12:35:46+00:00\",\"dateModified\":\"2025-04-22T13:52:53+00:00\",\"breadcrumb\":{\"@id\":\"https:\/\/www.fundaciopimec.org\/es\/que-hacemos\/pyme-y-sostenibilidad\/#breadcrumb\"},\"inLanguage\":\"es\",\"potentialAction\":[{\"@type\":\"ReadAction\",\"target\":[\"https:\/\/www.fundaciopimec.org\/es\/que-hacemos\/pyme-y-sostenibilidad\/\"]}]},{\"@type\":\"BreadcrumbList\",\"@id\":\"https:\/\/www.fundaciopimec.org\/es\/que-hacemos\/pyme-y-sostenibilidad\/#breadcrumb\",\"itemListElement\":[{\"@type\":\"ListItem\",\"position\":1,\"name\":\"Portada\",\"item\":\"https:\/\/www.fundaciopimec.org\/es\/\"},{\"@type\":\"ListItem\",\"position\":2,\"name\":\"Qu\u00e9 hacemos\",\"item\":\"https:\/\/www.fundaciopimec.org\/es\/que-hacemos\/\"},{\"@type\":\"ListItem\",\"position\":3,\"name\":\"Pyme y Sostenibilidad\"}]},{\"@type\":\"WebSite\",\"@id\":\"https:\/\/www.fundaciopimec.org\/es\/#website\",\"url\":\"https:\/\/www.fundaciopimec.org\/es\/\",\"name\":\"Fundaci\u00f3 PIMEC\",\"description\":\"Fundaci\u00f3n PIMEC. Hacia una nueva forma de hacer y ser empresa. Apoyo personal y empresarial. Integraci\u00f3n y diversidad. Empresa y compromiso comunitario.\",\"publisher\":{\"@id\":\"https:\/\/www.fundaciopimec.org\/es\/#organization\"},\"potentialAction\":[{\"@type\":\"SearchAction\",\"target\":{\"@type\":\"EntryPoint\",\"urlTemplate\":\"https:\/\/www.fundaciopimec.org\/es\/?s={search_term_string}\"},\"query-input\":\"required name=search_term_string\"}],\"inLanguage\":\"es\"},{\"@type\":\"Organization\",\"@id\":\"https:\/\/www.fundaciopimec.org\/es\/#organization\",\"name\":\"Fundaci\u00f3 PIMEC\",\"url\":\"https:\/\/www.fundaciopimec.org\/es\/\",\"logo\":{\"@type\":\"ImageObject\",\"inLanguage\":\"es\",\"@id\":\"https:\/\/www.fundaciopimec.org\/es\/#\/schema\/logo\/image\/\",\"url\":\"https:\/\/www.fundaciopimec.org\/wp-content\/uploads\/Fundacio-Pimec.png\",\"contentUrl\":\"https:\/\/www.fundaciopimec.org\/wp-content\/uploads\/Fundacio-Pimec.png\",\"width\":1459,\"height\":199,\"caption\":\"Fundaci\u00f3 PIMEC\"},\"image\":{\"@id\":\"https:\/\/www.fundaciopimec.org\/es\/#\/schema\/logo\/image\/\"}}]}<\/script>\n<!-- \/ Yoast SEO plugin. -->","yoast_head_json":{"title":"Pyme y Sostenibilidad - Fundaci\u00f3 PIMEC","robots":{"index":"index","follow":"follow","max-snippet":"max-snippet:-1","max-image-preview":"max-image-preview:large","max-video-preview":"max-video-preview:-1"},"canonical":"https:\/\/www.fundaciopimec.org\/es\/que-hacemos\/pyme-y-sostenibilidad\/","og_locale":"es_ES","og_type":"article","og_title":"Pyme y Sostenibilidad - Fundaci\u00f3 PIMEC","og_description":"Pyme y Sostenibilidad Impulsar y facilitar a las micro y las pymes una nueva forma de hacer y ser empresa de acuerdo con la Agenda 2030 y sus objetivos de desarrollo sostenible Programa de sostenibilidad y ODS Incorporar la sostenibilidad en la estrategia empresarial es imprescindible para el crecimiento, la innovaci\u00f3n, la resiliencia y generar [&hellip;]","og_url":"https:\/\/www.fundaciopimec.org\/es\/que-hacemos\/pyme-y-sostenibilidad\/","og_site_name":"Fundaci\u00f3 PIMEC","article_modified_time":"2025-04-22T13:52:53+00:00","og_image":[{"url":"https:\/\/www.fundaciopimec.org\/wp-content\/uploads\/rural-1024x256.jpg"}],"twitter_card":"summary_large_image","twitter_misc":{"Tiempo de lectura":"3 minutos"},"schema":{"@context":"https:\/\/schema.org","@graph":[{"@type":"WebPage","@id":"https:\/\/www.fundaciopimec.org\/es\/que-hacemos\/pyme-y-sostenibilidad\/","url":"https:\/\/www.fundaciopimec.org\/es\/que-hacemos\/pyme-y-sostenibilidad\/","name":"Pyme y Sostenibilidad - Fundaci\u00f3 PIMEC","isPartOf":{"@id":"https:\/\/www.fundaciopimec.org\/es\/#website"},"datePublished":"2024-01-25T12:35:46+00:00","dateModified":"2025-04-22T13:52:53+00:00","breadcrumb":{"@id":"https:\/\/www.fundaciopimec.org\/es\/que-hacemos\/pyme-y-sostenibilidad\/#breadcrumb"},"inLanguage":"es","potentialAction":[{"@type":"ReadAction","target":["https:\/\/www.fundaciopimec.org\/es\/que-hacemos\/pyme-y-sostenibilidad\/"]}]},{"@type":"BreadcrumbList","@id":"https:\/\/www.fundaciopimec.org\/es\/que-hacemos\/pyme-y-sostenibilidad\/#breadcrumb","itemListElement":[{"@type":"ListItem","position":1,"name":"Portada","item":"https:\/\/www.fundaciopimec.org\/es\/"},{"@type":"ListItem","position":2,"name":"Qu\u00e9 hacemos","item":"https:\/\/www.fundaciopimec.org\/es\/que-hacemos\/"},{"@type":"ListItem","position":3,"name":"Pyme y Sostenibilidad"}]},{"@type":"WebSite","@id":"https:\/\/www.fundaciopimec.org\/es\/#website","url":"https:\/\/www.fundaciopimec.org\/es\/","name":"Fundaci\u00f3 PIMEC","description":"Fundaci\u00f3n PIMEC. Hacia una nueva forma de hacer y ser empresa. Apoyo personal y empresarial. Integraci\u00f3n y diversidad. Empresa y compromiso comunitario.","publisher":{"@id":"https:\/\/www.fundaciopimec.org\/es\/#organization"},"potentialAction":[{"@type":"SearchAction","target":{"@type":"EntryPoint","urlTemplate":"https:\/\/www.fundaciopimec.org\/es\/?s={search_term_string}"},"query-input":"required name=search_term_string"}],"inLanguage":"es"},{"@type":"Organization","@id":"https:\/\/www.fundaciopimec.org\/es\/#organization","name":"Fundaci\u00f3 PIMEC","url":"https:\/\/www.fundaciopimec.org\/es\/","logo":{"@type":"ImageObject","inLanguage":"es","@id":"https:\/\/www.fundaciopimec.org\/es\/#\/schema\/logo\/image\/","url":"https:\/\/www.fundaciopimec.org\/wp-content\/uploads\/Fundacio-Pimec.png","contentUrl":"https:\/\/www.fundaciopimec.org\/wp-content\/uploads\/Fundacio-Pimec.png","width":1459,"height":199,"caption":"Fundaci\u00f3 PIMEC"},"image":{"@id":"https:\/\/www.fundaciopimec.org\/es\/#\/schema\/logo\/image\/"}}]}},"_links":{"self":[{"href":"https:\/\/www.fundaciopimec.org\/es\/wp-json\/wp\/v2\/pages\/3035","targetHints":{"allow":["GET"]}}],"collection":[{"href":"https:\/\/www.fundaciopimec.org\/es\/wp-json\/wp\/v2\/pages"}],"about":[{"href":"https:\/\/www.fundaciopimec.org\/es\/wp-json\/wp\/v2\/types\/page"}],"author":[{"embeddable":true,"href":"https:\/\/www.fundaciopimec.org\/es\/wp-json\/wp\/v2\/users\/8"}],"replies":[{"embeddable":true,"href":"https:\/\/www.fundaciopimec.org\/es\/wp-json\/wp\/v2\/comments?post=3035"}],"version-history":[{"count":12,"href":"https:\/\/www.fundaciopimec.org\/es\/wp-json\/wp\/v2\/pages\/3035\/revisions"}],"predecessor-version":[{"id":4695,"href":"https:\/\/www.fundaciopimec.org\/es\/wp-json\/wp\/v2\/pages\/3035\/revisions\/4695"}],"up":[{"embeddable":true,"href":"https:\/\/www.fundaciopimec.org\/es\/wp-json\/wp\/v2\/pages\/2281"}],"wp:attachment":[{"href":"https:\/\/www.fundaciopimec.org\/es\/wp-json\/wp\/v2\/media?parent=3035"}],"curies":[{"name":"wp","href":"https:\/\/api.w.org\/{rel}","templated":true}]}}