{"id":3038,"date":"2024-01-25T12:46:50","date_gmt":"2024-01-25T12:46:50","guid":{"rendered":"https:\/\/www.fundaciopimec.org\/?page_id=3038"},"modified":"2025-10-31T09:51:02","modified_gmt":"2025-10-31T09:51:02","slug":"pyme-y-nueva-ruralidad","status":"publish","type":"page","link":"https:\/\/www.fundaciopimec.org\/es\/que-hacemos\/pyme-y-nueva-ruralidad\/","title":{"rendered":"Pyme y Nueva Ruralidad"},"content":{"rendered":"\n<div class=\"wp-block-columns is-layout-flex wp-container-core-columns-is-layout-1 wp-block-columns-is-layout-flex\">\n<div class=\"wp-block-column is-layout-flow wp-block-column-is-layout-flow\" style=\"flex-basis:100%\">\n<figure class=\"wp-block-image size-large is-resized has-custom-border\" id=\"\u00edndice\"><img loading=\"lazy\" decoding=\"async\" width=\"1024\" height=\"256\" src=\"https:\/\/www.fundaciopimec.org\/wp-content\/uploads\/woman-with-face-protection-standing-with-arms-crossed-copia-1024x256.jpg\" alt=\"\" class=\"wp-image-3545\" style=\"border-radius:20px;object-fit:cover;width:1200px;height:300px\" srcset=\"https:\/\/www.fundaciopimec.org\/wp-content\/uploads\/woman-with-face-protection-standing-with-arms-crossed-copia-1024x256.jpg 1024w, https:\/\/www.fundaciopimec.org\/wp-content\/uploads\/woman-with-face-protection-standing-with-arms-crossed-copia-300x75.jpg 300w, https:\/\/www.fundaciopimec.org\/wp-content\/uploads\/woman-with-face-protection-standing-with-arms-crossed-copia-768x192.jpg 768w, https:\/\/www.fundaciopimec.org\/wp-content\/uploads\/woman-with-face-protection-standing-with-arms-crossed-copia.jpg 1200w\" sizes=\"auto, (max-width: 1024px) 100vw, 1024px\" \/><\/figure>\n<\/div>\n<\/div>\n\n\n\n<h2 class=\"wp-block-heading has-georgia-reckless-font-family\">Pyme y Nueva Ruralidad<\/h2>\n\n\n\n<blockquote class=\"wp-block-quote is-layout-flow wp-block-quote-is-layout-flow\">\n<p class=\"has-text-align-center has-georgia-reckless-font-family\"><em>Ser palanca de cambio y construcci\u00f3n de nuevos paradigmas en torno a una nueva econom\u00eda en el mundo rural siendo el eje central la mujer: \u201cla Nueva Ruralidad\u201d<\/em><\/p>\n<\/blockquote>\n\n\n\n<p class=\"has-poppins-font-family has-x-small-font-size\">Trabajar en relaci\u00f3n a los nuevos escenarios y las nuevas pol\u00edticas sobre envejecimiento y revalorizaci\u00f3n de las zonas rurales.<\/p>\n\n\n\n<p class=\"has-poppins-font-family has-x-small-font-size\">Pulsa en cada opci\u00f3n para ver el detalle:<\/p>\n\n\n\n<div class=\"wp-block-columns is-layout-flex wp-container-core-columns-is-layout-2 wp-block-columns-is-layout-flex\">\n<div class=\"wp-block-column is-layout-flow wp-block-column-is-layout-flow\">\n<div class=\"wp-block-buttons is-content-justification-center is-layout-flex wp-container-core-buttons-is-layout-1 wp-block-buttons-is-layout-flex\">\n<div class=\"wp-block-button has-custom-width wp-block-button__width-75 has-custom-font-size has-poppins-font-family has-x-small-font-size\"><a class=\"wp-block-button__link has-base-color has-text-color has-background has-link-color wp-element-button\" href=\"#mentories\" style=\"background-color:#6a302f\">Mentor\u00edas para emprendedoras<\/a><\/div>\n<\/div>\n<\/div>\n\n\n\n<div class=\"wp-block-column is-layout-flow wp-block-column-is-layout-flow\">\n<div class=\"wp-block-buttons is-content-justification-center is-layout-flex wp-container-core-buttons-is-layout-2 wp-block-buttons-is-layout-flex\">\n<div class=\"wp-block-button has-custom-width wp-block-button__width-75 has-custom-font-size has-poppins-font-family has-x-small-font-size\"><a class=\"wp-block-button__link has-base-color has-text-color has-background has-link-color wp-element-button\" href=\"#dona-rural\" style=\"background-color:#6a302f\">Jornada de reflexi\u00f3n sobre el nuevo rol de la mujer rural<\/a><\/div>\n<\/div>\n<\/div>\n\n\n\n<div class=\"wp-block-column is-layout-flow wp-block-column-is-layout-flow\">\n<div class=\"wp-block-buttons is-content-justification-center is-layout-flex wp-container-core-buttons-is-layout-3 wp-block-buttons-is-layout-flex\">\n<div class=\"wp-block-button has-custom-width wp-block-button__width-75 has-custom-font-size has-poppins-font-family has-x-small-font-size\"><a class=\"wp-block-button__link has-base-color has-text-color has-background has-link-color wp-element-button\" href=\"#alian\u00e7a\" style=\"background-color:#6a302f\">Alianza de entidades de mujeres rurales<\/a><\/div>\n<\/div>\n<\/div>\n<\/div>\n\n\n\n<div style=\"height:20px\" aria-hidden=\"true\" id=\"mentories\" class=\"wp-block-spacer\"><\/div>\n\n\n\n<hr class=\"wp-block-separator has-text-color has-grisclar-color has-alpha-channel-opacity has-grisclar-background-color has-background\"\/>\n\n\n\n<div class=\"wp-block-columns is-layout-flex wp-container-core-columns-is-layout-3 wp-block-columns-is-layout-flex\">\n<div class=\"wp-block-column has-border-color has-background is-layout-flow wp-block-column-is-layout-flow\" style=\"border-color:#e6e6e6;border-width:1px;border-radius:20px;background-color:#f9f9f9;padding-top:var(--wp--preset--spacing--30);padding-right:var(--wp--preset--spacing--30);padding-bottom:var(--wp--preset--spacing--30);padding-left:var(--wp--preset--spacing--30)\">\n<h3 class=\"wp-block-heading has-georgia-reckless-font-family\"><strong>Mentor\u00edas para emprendedoras<\/strong><\/h3>\n\n\n\n<figure class=\"wp-block-image size-large\"><img loading=\"lazy\" decoding=\"async\" width=\"1024\" height=\"256\" src=\"http:\/\/www.fundaciopimec.org\/wp-content\/uploads\/es-banner-Impuls-Rural-1024x256.jpg\" alt=\"\" class=\"wp-image-4253\" srcset=\"https:\/\/www.fundaciopimec.org\/wp-content\/uploads\/es-banner-Impuls-Rural-1024x256.jpg 1024w, https:\/\/www.fundaciopimec.org\/wp-content\/uploads\/es-banner-Impuls-Rural-300x75.jpg 300w, https:\/\/www.fundaciopimec.org\/wp-content\/uploads\/es-banner-Impuls-Rural-768x192.jpg 768w, https:\/\/www.fundaciopimec.org\/wp-content\/uploads\/es-banner-Impuls-Rural.jpg 1200w\" sizes=\"auto, (max-width: 1024px) 100vw, 1024px\" \/><\/figure>\n\n\n\n<p class=\"has-x-small-font-size\">Sabemos que iniciar un proyecto con \u00e9xito requiere tomar muchas decisiones importantes, disponer de la informaci\u00f3n y el asesoramiento adecuado es indispensable, y a\u00fan m\u00e1s en el mundo rural.<\/p>\n\n\n\n<p class=\"has-x-small-font-size\">Ofrecemos un programa de ayuda y acompa\u00f1amiento <strong>gratuito para impulsar tu negocio.<\/strong><\/p>\n\n\n\n<p class=\"has-x-small-font-size\">En este programa tendr\u00e1s acceso a mentor\u00edas en las que te pondremos en contacto con otras mujeres emprendedoras de tu sector; adem\u00e1s, podr\u00e1s contar con asesoramiento y recursos para impulsar tu proyecto en el \u00e1mbito rural con un acompa\u00f1amiento personal y experto.<\/p>\n\n\n\n<p class=\"has-x-small-font-size\">Y si quieres participar como mentora, te esperamos. Seguro que tu experiencia tambi\u00e9n puede ser de gran ayuda para otras emprendedoras rurales como t\u00fa.<\/p>\n\n\n\n<p class=\"has-x-small-font-size\">Ofrecemos acceso a mentor\u00edas donde podr\u00e1s conectarte con otras mujeres emprendedoras de tu sector, adem\u00e1s, podr\u00e1s contar con asesoramiento y recursos para impulsar tu proyecto en el \u00e1mbito rural con un acompa\u00f1amiento personal y experto.<\/p>\n\n\n\n<p class=\"has-x-small-font-size\">Si quieres m\u00e1s informaci\u00f3n, escr\u00edbenos a <strong><a href=\"mailto:novaruralitat@fundaciopimec.org\">novaruralitat@fundaciopimec.org<\/a><\/strong><\/p>\n\n\n\n<p class=\"has-text-align-right has-x-small-font-size\"><a href=\"#\u00edndice\" class=\"ek-link\"><strong>Vuelve al \u00edndice<\/strong><\/a><\/p>\n<\/div>\n<\/div>\n\n\n\n<div style=\"height:20px\" aria-hidden=\"true\" id=\"dona-rural\" class=\"wp-block-spacer\"><\/div>\n\n\n\n<div class=\"wp-block-columns is-layout-flex wp-container-core-columns-is-layout-4 wp-block-columns-is-layout-flex\">\n<div class=\"wp-block-column has-border-color has-background is-layout-flow wp-block-column-is-layout-flow\" style=\"border-color:#e6e6e6;border-width:1px;border-radius:20px;background-color:#f9f9f9;padding-top:var(--wp--preset--spacing--30);padding-right:var(--wp--preset--spacing--30);padding-bottom:var(--wp--preset--spacing--30);padding-left:var(--wp--preset--spacing--30)\">\n<h3 class=\"wp-block-heading has-georgia-reckless-font-family\"><strong>Jornadas de reflexi\u00f3n sobre el nuevo rol de la mujer rural<\/strong><\/h3>\n\n\n\n<p class=\"has-x-small-font-size\">Espacios de reflexi\u00f3n y sensibilizaci\u00f3n, para compartir experiencias y buenas pr\u00e1cticas relacionadas con la nueva econom\u00eda en el entorno rural, el esp\u00edritu emprendedor y la epistemolog\u00eda feminista que derive en nuevos itinerarios y cambios estructurales orientados a los tiempos actuales.<\/p>\n\n\n\n<p class=\"has-x-small-font-size\">Acompa\u00f1ar y ayudar a la reactivaci\u00f3n econ\u00f3mica y social de zonas rurales con la mirada puesta en un futuro m\u00e1s sostenible.<\/p>\n\n\n\n<p class=\"has-text-align-right has-x-small-font-size\"><a href=\"#\u00edndice\" class=\"ek-link\"><strong>Vuelve al \u00edndice<\/strong><\/a><\/p>\n<\/div>\n<\/div>\n\n\n\n<div style=\"height:20px\" aria-hidden=\"true\" id=\"alian\u00e7a\" class=\"wp-block-spacer\"><\/div>\n\n\n\n<div class=\"wp-block-columns is-layout-flex wp-container-core-columns-is-layout-5 wp-block-columns-is-layout-flex\">\n<div class=\"wp-block-column has-border-color has-background is-layout-flow wp-block-column-is-layout-flow\" style=\"border-color:#e6e6e6;border-width:1px;border-radius:20px;background-color:#f9f9f9;padding-top:var(--wp--preset--spacing--30);padding-right:var(--wp--preset--spacing--30);padding-bottom:var(--wp--preset--spacing--30);padding-left:var(--wp--preset--spacing--30)\">\n<h3 class=\"wp-block-heading has-georgia-reckless-font-family\"><strong>Alianza de Entidades de Mujeres Rurales<\/strong><\/h3>\n\n\n\n<p class=\"has-x-small-font-size\">Una alianza promovida por la Fundaci\u00f3n Pimec y Pallarsactiu. La integran: Fademur, Ap! Lleida, XEP (Pallars), ADEE-BPW (Tarragona), Comisi\u00f3n Mujer y Empresa de Pimec y la C\u00e1tedra Extraordinaria de Transformaci\u00f3n Social Competitiva de la Universidad Complutense de Madrid.<\/p>\n\n\n\n<p class=\"has-x-small-font-size\">Sus objetivos principales son:<\/p>\n\n\n\n<ul class=\"wp-block-list has-x-small-font-size has-x-small-font-size\">\n<li>Impulsar la nueva ruralidad y el emprendimiento femenino como eje vertebrador de la reactivaci\u00f3n econ\u00f3mica en el \u00e1mbito rural a trav\u00e9s de asociaciones de mujeres.<\/li>\n\n\n\n<li>Generar sinergias y complicidades entre mujeres emprendedoras rurales.<\/li>\n\n\n\n<li>Facilitar recursos y herramientas para el desarrollo personal y profesional.<\/li>\n<\/ul>\n\n\n\n<p class=\"has-text-align-right has-x-small-font-size\"><a href=\"#\u00edndice\" class=\"ek-link\"><strong>Vuelve al \u00edndice<\/strong><\/a><\/p>\n<\/div>\n<\/div>\n\n\n\n<div style=\"height:20px\" aria-hidden=\"true\" class=\"wp-block-spacer\"><\/div>\n\n\n\n<p class=\"has-x-small-font-size\">Con la colaboraci\u00f3n de: <\/p>\n\n\n\n<figure class=\"wp-block-image size-medium\"><a href=\"https:\/\/www.mgc.es\/ca\/\" target=\"_blank\" rel=\" noreferrer noopener\"><img loading=\"lazy\" decoding=\"async\" width=\"300\" height=\"54\" src=\"https:\/\/www.fundaciopimec.org\/wp-content\/uploads\/mgcmutua_h1_2t_online-300x54.png\" alt=\"\" class=\"wp-image-5285\" srcset=\"https:\/\/www.fundaciopimec.org\/wp-content\/uploads\/mgcmutua_h1_2t_online-300x54.png 300w, https:\/\/www.fundaciopimec.org\/wp-content\/uploads\/mgcmutua_h1_2t_online-1024x183.png 1024w, https:\/\/www.fundaciopimec.org\/wp-content\/uploads\/mgcmutua_h1_2t_online-768x138.png 768w, https:\/\/www.fundaciopimec.org\/wp-content\/uploads\/mgcmutua_h1_2t_online-1536x275.png 1536w, https:\/\/www.fundaciopimec.org\/wp-content\/uploads\/mgcmutua_h1_2t_online-2048x367.png 2048w\" sizes=\"auto, (max-width: 300px) 100vw, 300px\" \/><\/a><\/figure>\n","protected":false},"excerpt":{"rendered":"<p>Pyme y Nueva Ruralidad Ser palanca de cambio y construcci\u00f3n de nuevos paradigmas en torno a una nueva econom\u00eda en el mundo rural siendo el eje central la mujer: \u201cla Nueva Ruralidad\u201d Trabajar en relaci\u00f3n a los nuevos escenarios y las nuevas pol\u00edticas sobre envejecimiento y revalorizaci\u00f3n de las zonas rurales. Pulsa en cada opci\u00f3n [&hellip;]<\/p>\n","protected":false},"author":8,"featured_media":0,"parent":2281,"menu_order":0,"comment_status":"closed","ping_status":"closed","template":"","meta":{"_editorskit_title_hidden":false,"_editorskit_reading_time":0,"_editorskit_is_block_options_detached":false,"_editorskit_block_options_position":"{}","footnotes":""},"class_list":["post-3038","page","type-page","status-publish","hentry"],"yoast_head":"<!-- This site is optimized with the Yoast SEO plugin v21.5 - https:\/\/yoast.com\/wordpress\/plugins\/seo\/ -->\n<title>Pyme y Nueva Ruralidad - Fundaci\u00f3 PIMEC<\/title>\n<meta name=\"robots\" content=\"index, follow, max-snippet:-1, max-image-preview:large, max-video-preview:-1\" \/>\n<link rel=\"canonical\" href=\"https:\/\/www.fundaciopimec.org\/es\/que-hacemos\/pyme-y-nueva-ruralidad\/\" \/>\n<meta property=\"og:locale\" content=\"es_ES\" \/>\n<meta property=\"og:type\" content=\"article\" \/>\n<meta property=\"og:title\" content=\"Pyme y Nueva Ruralidad - Fundaci\u00f3 PIMEC\" \/>\n<meta property=\"og:description\" content=\"Pyme y Nueva Ruralidad Ser palanca de cambio y construcci\u00f3n de nuevos paradigmas en torno a una nueva econom\u00eda en el mundo rural siendo el eje central la mujer: \u201cla Nueva Ruralidad\u201d Trabajar en relaci\u00f3n a los nuevos escenarios y las nuevas pol\u00edticas sobre envejecimiento y revalorizaci\u00f3n de las zonas rurales. Pulsa en cada opci\u00f3n [&hellip;]\" \/>\n<meta property=\"og:url\" content=\"https:\/\/www.fundaciopimec.org\/es\/que-hacemos\/pyme-y-nueva-ruralidad\/\" \/>\n<meta property=\"og:site_name\" content=\"Fundaci\u00f3 PIMEC\" \/>\n<meta property=\"article:modified_time\" content=\"2025-10-31T09:51:02+00:00\" \/>\n<meta property=\"og:image\" content=\"https:\/\/www.fundaciopimec.org\/wp-content\/uploads\/woman-with-face-protection-standing-with-arms-crossed-copia-1024x256.jpg\" \/>\n<meta name=\"twitter:card\" content=\"summary_large_image\" \/>\n<meta name=\"twitter:label1\" content=\"Tiempo de lectura\" \/>\n\t<meta name=\"twitter:data1\" content=\"3 minutos\" \/>\n<script type=\"application\/ld+json\" class=\"yoast-schema-graph\">{\"@context\":\"https:\/\/schema.org\",\"@graph\":[{\"@type\":\"WebPage\",\"@id\":\"https:\/\/www.fundaciopimec.org\/es\/que-hacemos\/pyme-y-nueva-ruralidad\/\",\"url\":\"https:\/\/www.fundaciopimec.org\/es\/que-hacemos\/pyme-y-nueva-ruralidad\/\",\"name\":\"Pyme y Nueva Ruralidad - Fundaci\u00f3 PIMEC\",\"isPartOf\":{\"@id\":\"https:\/\/www.fundaciopimec.org\/es\/#website\"},\"datePublished\":\"2024-01-25T12:46:50+00:00\",\"dateModified\":\"2025-10-31T09:51:02+00:00\",\"breadcrumb\":{\"@id\":\"https:\/\/www.fundaciopimec.org\/es\/que-hacemos\/pyme-y-nueva-ruralidad\/#breadcrumb\"},\"inLanguage\":\"es\",\"potentialAction\":[{\"@type\":\"ReadAction\",\"target\":[\"https:\/\/www.fundaciopimec.org\/es\/que-hacemos\/pyme-y-nueva-ruralidad\/\"]}]},{\"@type\":\"BreadcrumbList\",\"@id\":\"https:\/\/www.fundaciopimec.org\/es\/que-hacemos\/pyme-y-nueva-ruralidad\/#breadcrumb\",\"itemListElement\":[{\"@type\":\"ListItem\",\"position\":1,\"name\":\"Portada\",\"item\":\"https:\/\/www.fundaciopimec.org\/es\/\"},{\"@type\":\"ListItem\",\"position\":2,\"name\":\"Qu\u00e9 hacemos\",\"item\":\"https:\/\/www.fundaciopimec.org\/es\/que-hacemos\/\"},{\"@type\":\"ListItem\",\"position\":3,\"name\":\"Pyme y Nueva Ruralidad\"}]},{\"@type\":\"WebSite\",\"@id\":\"https:\/\/www.fundaciopimec.org\/es\/#website\",\"url\":\"https:\/\/www.fundaciopimec.org\/es\/\",\"name\":\"Fundaci\u00f3 PIMEC\",\"description\":\"Fundaci\u00f3n PIMEC. Hacia una nueva forma de hacer y ser empresa. Apoyo personal y empresarial. Integraci\u00f3n y diversidad. Empresa y compromiso comunitario.\",\"publisher\":{\"@id\":\"https:\/\/www.fundaciopimec.org\/es\/#organization\"},\"potentialAction\":[{\"@type\":\"SearchAction\",\"target\":{\"@type\":\"EntryPoint\",\"urlTemplate\":\"https:\/\/www.fundaciopimec.org\/es\/?s={search_term_string}\"},\"query-input\":\"required name=search_term_string\"}],\"inLanguage\":\"es\"},{\"@type\":\"Organization\",\"@id\":\"https:\/\/www.fundaciopimec.org\/es\/#organization\",\"name\":\"Fundaci\u00f3 PIMEC\",\"url\":\"https:\/\/www.fundaciopimec.org\/es\/\",\"logo\":{\"@type\":\"ImageObject\",\"inLanguage\":\"es\",\"@id\":\"https:\/\/www.fundaciopimec.org\/es\/#\/schema\/logo\/image\/\",\"url\":\"https:\/\/www.fundaciopimec.org\/wp-content\/uploads\/Fundacio-Pimec.png\",\"contentUrl\":\"https:\/\/www.fundaciopimec.org\/wp-content\/uploads\/Fundacio-Pimec.png\",\"width\":1459,\"height\":199,\"caption\":\"Fundaci\u00f3 PIMEC\"},\"image\":{\"@id\":\"https:\/\/www.fundaciopimec.org\/es\/#\/schema\/logo\/image\/\"}}]}<\/script>\n<!-- \/ Yoast SEO plugin. -->","yoast_head_json":{"title":"Pyme y Nueva Ruralidad - Fundaci\u00f3 PIMEC","robots":{"index":"index","follow":"follow","max-snippet":"max-snippet:-1","max-image-preview":"max-image-preview:large","max-video-preview":"max-video-preview:-1"},"canonical":"https:\/\/www.fundaciopimec.org\/es\/que-hacemos\/pyme-y-nueva-ruralidad\/","og_locale":"es_ES","og_type":"article","og_title":"Pyme y Nueva Ruralidad - Fundaci\u00f3 PIMEC","og_description":"Pyme y Nueva Ruralidad Ser palanca de cambio y construcci\u00f3n de nuevos paradigmas en torno a una nueva econom\u00eda en el mundo rural siendo el eje central la mujer: \u201cla Nueva Ruralidad\u201d Trabajar en relaci\u00f3n a los nuevos escenarios y las nuevas pol\u00edticas sobre envejecimiento y revalorizaci\u00f3n de las zonas rurales. Pulsa en cada opci\u00f3n [&hellip;]","og_url":"https:\/\/www.fundaciopimec.org\/es\/que-hacemos\/pyme-y-nueva-ruralidad\/","og_site_name":"Fundaci\u00f3 PIMEC","article_modified_time":"2025-10-31T09:51:02+00:00","og_image":[{"url":"https:\/\/www.fundaciopimec.org\/wp-content\/uploads\/woman-with-face-protection-standing-with-arms-crossed-copia-1024x256.jpg"}],"twitter_card":"summary_large_image","twitter_misc":{"Tiempo de lectura":"3 minutos"},"schema":{"@context":"https:\/\/schema.org","@graph":[{"@type":"WebPage","@id":"https:\/\/www.fundaciopimec.org\/es\/que-hacemos\/pyme-y-nueva-ruralidad\/","url":"https:\/\/www.fundaciopimec.org\/es\/que-hacemos\/pyme-y-nueva-ruralidad\/","name":"Pyme y Nueva Ruralidad - Fundaci\u00f3 PIMEC","isPartOf":{"@id":"https:\/\/www.fundaciopimec.org\/es\/#website"},"datePublished":"2024-01-25T12:46:50+00:00","dateModified":"2025-10-31T09:51:02+00:00","breadcrumb":{"@id":"https:\/\/www.fundaciopimec.org\/es\/que-hacemos\/pyme-y-nueva-ruralidad\/#breadcrumb"},"inLanguage":"es","potentialAction":[{"@type":"ReadAction","target":["https:\/\/www.fundaciopimec.org\/es\/que-hacemos\/pyme-y-nueva-ruralidad\/"]}]},{"@type":"BreadcrumbList","@id":"https:\/\/www.fundaciopimec.org\/es\/que-hacemos\/pyme-y-nueva-ruralidad\/#breadcrumb","itemListElement":[{"@type":"ListItem","position":1,"name":"Portada","item":"https:\/\/www.fundaciopimec.org\/es\/"},{"@type":"ListItem","position":2,"name":"Qu\u00e9 hacemos","item":"https:\/\/www.fundaciopimec.org\/es\/que-hacemos\/"},{"@type":"ListItem","position":3,"name":"Pyme y Nueva Ruralidad"}]},{"@type":"WebSite","@id":"https:\/\/www.fundaciopimec.org\/es\/#website","url":"https:\/\/www.fundaciopimec.org\/es\/","name":"Fundaci\u00f3 PIMEC","description":"Fundaci\u00f3n PIMEC. Hacia una nueva forma de hacer y ser empresa. Apoyo personal y empresarial. Integraci\u00f3n y diversidad. Empresa y compromiso comunitario.","publisher":{"@id":"https:\/\/www.fundaciopimec.org\/es\/#organization"},"potentialAction":[{"@type":"SearchAction","target":{"@type":"EntryPoint","urlTemplate":"https:\/\/www.fundaciopimec.org\/es\/?s={search_term_string}"},"query-input":"required name=search_term_string"}],"inLanguage":"es"},{"@type":"Organization","@id":"https:\/\/www.fundaciopimec.org\/es\/#organization","name":"Fundaci\u00f3 PIMEC","url":"https:\/\/www.fundaciopimec.org\/es\/","logo":{"@type":"ImageObject","inLanguage":"es","@id":"https:\/\/www.fundaciopimec.org\/es\/#\/schema\/logo\/image\/","url":"https:\/\/www.fundaciopimec.org\/wp-content\/uploads\/Fundacio-Pimec.png","contentUrl":"https:\/\/www.fundaciopimec.org\/wp-content\/uploads\/Fundacio-Pimec.png","width":1459,"height":199,"caption":"Fundaci\u00f3 PIMEC"},"image":{"@id":"https:\/\/www.fundaciopimec.org\/es\/#\/schema\/logo\/image\/"}}]}},"_links":{"self":[{"href":"https:\/\/www.fundaciopimec.org\/es\/wp-json\/wp\/v2\/pages\/3038","targetHints":{"allow":["GET"]}}],"collection":[{"href":"https:\/\/www.fundaciopimec.org\/es\/wp-json\/wp\/v2\/pages"}],"about":[{"href":"https:\/\/www.fundaciopimec.org\/es\/wp-json\/wp\/v2\/types\/page"}],"author":[{"embeddable":true,"href":"https:\/\/www.fundaciopimec.org\/es\/wp-json\/wp\/v2\/users\/8"}],"replies":[{"embeddable":true,"href":"https:\/\/www.fundaciopimec.org\/es\/wp-json\/wp\/v2\/comments?post=3038"}],"version-history":[{"count":27,"href":"https:\/\/www.fundaciopimec.org\/es\/wp-json\/wp\/v2\/pages\/3038\/revisions"}],"predecessor-version":[{"id":5383,"href":"https:\/\/www.fundaciopimec.org\/es\/wp-json\/wp\/v2\/pages\/3038\/revisions\/5383"}],"up":[{"embeddable":true,"href":"https:\/\/www.fundaciopimec.org\/es\/wp-json\/wp\/v2\/pages\/2281"}],"wp:attachment":[{"href":"https:\/\/www.fundaciopimec.org\/es\/wp-json\/wp\/v2\/media?parent=3038"}],"curies":[{"name":"wp","href":"https:\/\/api.w.org\/{rel}","templated":true}]}}