{"id":4042,"date":"2024-06-12T06:40:57","date_gmt":"2024-06-12T06:40:57","guid":{"rendered":"https:\/\/www.fundaciopimec.org\/?page_id=4042"},"modified":"2024-06-12T06:49:24","modified_gmt":"2024-06-12T06:49:24","slug":"subvenciones-fundacio-pimec-2","status":"publish","type":"page","link":"https:\/\/www.fundaciopimec.org\/es\/la-fundacion\/transparencia\/subvenciones-fundacio-pimec-2\/","title":{"rendered":"Subvenciones Fundaci\u00f3 PIMEC"},"content":{"rendered":"\n<div style=\"height:30px\" aria-hidden=\"true\" class=\"wp-block-spacer\"><\/div>\n\n\n\n<h2 class=\"wp-block-heading has-text-color\" style=\"color:#5c6381\">Subvenciones Fundaci\u00f3 PIMEC<\/h2>\n\n\n\n<div class=\"wp-block-columns is-layout-flex wp-container-core-columns-is-layout-1 wp-block-columns-is-layout-flex\">\n<div class=\"wp-block-column is-layout-flow wp-block-column-is-layout-flow\" style=\"flex-basis:100%\">\n<div class=\"wp-block-media-text is-stacked-on-mobile is-vertically-aligned-top\" style=\"grid-template-columns:20% auto\"><figure class=\"wp-block-media-text__media\"><img loading=\"lazy\" decoding=\"async\" width=\"800\" height=\"400\" src=\"http:\/\/www.fundaciopimec.org\/wp-content\/uploads\/subvencions-ES.jpg\" alt=\"\" class=\"wp-image-2505 size-full\" srcset=\"https:\/\/www.fundaciopimec.org\/wp-content\/uploads\/subvencions-ES.jpg 800w, https:\/\/www.fundaciopimec.org\/wp-content\/uploads\/subvencions-ES-300x150.jpg 300w, https:\/\/www.fundaciopimec.org\/wp-content\/uploads\/subvencions-ES-768x384.jpg 768w\" sizes=\"auto, (max-width: 800px) 100vw, 800px\" \/><\/figure><div class=\"wp-block-media-text__content\">\n<h4 class=\"wp-block-heading has-text-color\" style=\"color:#5c6381\">Subvenciones 2023<\/h4>\n\n\n\n<p>Subvenciones Fundaci\u00f3<\/p>\n\n\n\n<div class=\"wp-block-file\"><a id=\"wp-block-file--media-aae32464-c964-45b4-96df-3478af367e2e\" href=\"http:\/\/www.fundaciopimec.org\/wp-content\/uploads\/2023-Transparencia-Fundacio_Subvencions.pdf\">Subvencions Fundaci\u00f3 PIMEC 2023<\/a><\/div>\n<\/div><\/div>\n<\/div>\n<\/div>\n\n\n\n<div class=\"wp-block-columns is-layout-flex wp-container-core-columns-is-layout-2 wp-block-columns-is-layout-flex\">\n<div class=\"wp-block-column is-layout-flow wp-block-column-is-layout-flow\" style=\"flex-basis:100%\">\n<hr class=\"wp-block-separator has-text-color has-grismig-color has-alpha-channel-opacity has-grismig-background-color has-background is-style-default\"\/>\n<\/div>\n<\/div>\n\n\n\n<div class=\"wp-block-columns is-layout-flex wp-container-core-columns-is-layout-3 wp-block-columns-is-layout-flex\">\n<div class=\"wp-block-column is-layout-flow wp-block-column-is-layout-flow\" style=\"flex-basis:100%\">\n<div class=\"wp-block-media-text is-stacked-on-mobile is-vertically-aligned-top\" style=\"grid-template-columns:20% auto\"><figure class=\"wp-block-media-text__media\"><img loading=\"lazy\" decoding=\"async\" width=\"800\" height=\"400\" src=\"http:\/\/www.fundaciopimec.org\/wp-content\/uploads\/subvencions-ES.jpg\" alt=\"\" class=\"wp-image-2505 size-full\" srcset=\"https:\/\/www.fundaciopimec.org\/wp-content\/uploads\/subvencions-ES.jpg 800w, https:\/\/www.fundaciopimec.org\/wp-content\/uploads\/subvencions-ES-300x150.jpg 300w, https:\/\/www.fundaciopimec.org\/wp-content\/uploads\/subvencions-ES-768x384.jpg 768w\" sizes=\"auto, (max-width: 800px) 100vw, 800px\" \/><\/figure><div class=\"wp-block-media-text__content\">\n<h4 class=\"wp-block-heading has-text-color\" style=\"color:#5c6381\">Subvencioens 2022<\/h4>\n\n\n\n<p>Subvenciones Fundaci\u00f3<\/p>\n\n\n\n<div class=\"wp-block-file\"><a id=\"wp-block-file--media-aae32464-c964-45b4-96df-3478af367e2e\" href=\"http:\/\/www.fundaciopimec.org\/wp-content\/uploads\/subvencions_2022_fundacio_pimec_1-2.pdf\">Subvencions Fundaci\u00f3 PIMEC 2022<\/a><\/div>\n<\/div><\/div>\n<\/div>\n<\/div>\n\n\n\n<div class=\"wp-block-columns is-layout-flex wp-container-core-columns-is-layout-4 wp-block-columns-is-layout-flex\">\n<div class=\"wp-block-column is-layout-flow wp-block-column-is-layout-flow\" style=\"flex-basis:100%\">\n<hr class=\"wp-block-separator has-text-color has-grismig-color has-alpha-channel-opacity has-grismig-background-color has-background is-style-default\"\/>\n<\/div>\n<\/div>\n\n\n\n<div class=\"wp-block-columns is-layout-flex wp-container-core-columns-is-layout-5 wp-block-columns-is-layout-flex\">\n<div class=\"wp-block-column is-layout-flow wp-block-column-is-layout-flow\" style=\"flex-basis:100%\">\n<div class=\"wp-block-media-text is-stacked-on-mobile is-vertically-aligned-top\" style=\"grid-template-columns:20% auto\"><figure class=\"wp-block-media-text__media\"><img loading=\"lazy\" decoding=\"async\" width=\"800\" height=\"400\" src=\"http:\/\/www.fundaciopimec.org\/wp-content\/uploads\/subvencions-ES.jpg\" alt=\"\" class=\"wp-image-2505 size-full\" srcset=\"https:\/\/www.fundaciopimec.org\/wp-content\/uploads\/subvencions-ES.jpg 800w, https:\/\/www.fundaciopimec.org\/wp-content\/uploads\/subvencions-ES-300x150.jpg 300w, https:\/\/www.fundaciopimec.org\/wp-content\/uploads\/subvencions-ES-768x384.jpg 768w\" sizes=\"auto, (max-width: 800px) 100vw, 800px\" \/><\/figure><div class=\"wp-block-media-text__content\">\n<h4 class=\"wp-block-heading has-text-color\" style=\"color:#5c6381\">Subvenciones 2021<\/h4>\n\n\n\n<p>Subvenciones Fundaci\u00f3<\/p>\n\n\n\n<div class=\"wp-block-file\"><a id=\"wp-block-file--media-aae32464-c964-45b4-96df-3478af367e2e\" href=\"http:\/\/www.fundaciopimec.org\/wp-content\/uploads\/subvencions_2021_fundacio_pimec_1.pdf\">Subvencions Fundaci\u00f3 PIMEC 2021<\/a><\/div>\n<\/div><\/div>\n<\/div>\n<\/div>\n\n\n\n<div class=\"wp-block-columns is-layout-flex wp-container-core-columns-is-layout-6 wp-block-columns-is-layout-flex\">\n<div class=\"wp-block-column is-layout-flow wp-block-column-is-layout-flow\" style=\"flex-basis:100%\">\n<hr class=\"wp-block-separator has-text-color has-grismig-color has-alpha-channel-opacity has-grismig-background-color has-background is-style-default\"\/>\n<\/div>\n<\/div>\n\n\n\n<div class=\"wp-block-columns is-layout-flex wp-container-core-columns-is-layout-7 wp-block-columns-is-layout-flex\">\n<div class=\"wp-block-column is-layout-flow wp-block-column-is-layout-flow\" style=\"flex-basis:100%\">\n<div class=\"wp-block-media-text is-stacked-on-mobile is-vertically-aligned-top\" style=\"grid-template-columns:20% auto\"><figure class=\"wp-block-media-text__media\"><img loading=\"lazy\" decoding=\"async\" width=\"800\" height=\"400\" src=\"http:\/\/www.fundaciopimec.org\/wp-content\/uploads\/subvencions-ES.jpg\" alt=\"\" class=\"wp-image-2505 size-full\" srcset=\"https:\/\/www.fundaciopimec.org\/wp-content\/uploads\/subvencions-ES.jpg 800w, https:\/\/www.fundaciopimec.org\/wp-content\/uploads\/subvencions-ES-300x150.jpg 300w, https:\/\/www.fundaciopimec.org\/wp-content\/uploads\/subvencions-ES-768x384.jpg 768w\" sizes=\"auto, (max-width: 800px) 100vw, 800px\" \/><\/figure><div class=\"wp-block-media-text__content\">\n<h4 class=\"wp-block-heading has-text-color\" style=\"color:#5c6381\">Subvenciones 2020<\/h4>\n\n\n\n<p>Subvenciones Fundaci\u00f3<\/p>\n\n\n\n<div class=\"wp-block-file\"><a id=\"wp-block-file--media-aae32464-c964-45b4-96df-3478af367e2e\" href=\"http:\/\/www.fundaciopimec.org\/wp-content\/uploads\/subvencions_2020_fundacio_pimec.pdf.pdf.pdf\">Subvencions Fundaci\u00f3 PIMEC 2020<\/a><\/div>\n<\/div><\/div>\n<\/div>\n<\/div>\n\n\n\n<div class=\"wp-block-columns is-layout-flex wp-container-core-columns-is-layout-8 wp-block-columns-is-layout-flex\">\n<div class=\"wp-block-column is-layout-flow wp-block-column-is-layout-flow\" style=\"flex-basis:100%\">\n<hr class=\"wp-block-separator has-text-color has-grismig-color has-alpha-channel-opacity has-grismig-background-color has-background is-style-default\"\/>\n<\/div>\n<\/div>\n\n\n\n<div class=\"wp-block-columns is-layout-flex wp-container-core-columns-is-layout-9 wp-block-columns-is-layout-flex\">\n<div class=\"wp-block-column is-layout-flow wp-block-column-is-layout-flow\" style=\"flex-basis:100%\">\n<div class=\"wp-block-media-text is-stacked-on-mobile is-vertically-aligned-top\" style=\"grid-template-columns:20% auto\"><figure class=\"wp-block-media-text__media\"><img loading=\"lazy\" decoding=\"async\" width=\"800\" height=\"400\" src=\"http:\/\/www.fundaciopimec.org\/wp-content\/uploads\/subvencions-ES.jpg\" alt=\"\" class=\"wp-image-2505 size-full\" srcset=\"https:\/\/www.fundaciopimec.org\/wp-content\/uploads\/subvencions-ES.jpg 800w, https:\/\/www.fundaciopimec.org\/wp-content\/uploads\/subvencions-ES-300x150.jpg 300w, https:\/\/www.fundaciopimec.org\/wp-content\/uploads\/subvencions-ES-768x384.jpg 768w\" sizes=\"auto, (max-width: 800px) 100vw, 800px\" \/><\/figure><div class=\"wp-block-media-text__content\">\n<h4 class=\"wp-block-heading has-text-color\" style=\"color:#5c6381\">Subvenciones 2019<\/h4>\n\n\n\n<p>Subvenciones Fundaci\u00f3<\/p>\n\n\n\n<div class=\"wp-block-file\"><a id=\"wp-block-file--media-aae32464-c964-45b4-96df-3478af367e2e\" href=\"http:\/\/www.fundaciopimec.org\/wp-content\/uploads\/subvencions_2019_fundacio_pimec.pdf.pdf\">Subvencions Fundaci\u00f3 PIMEC 2019<\/a><\/div>\n<\/div><\/div>\n<\/div>\n<\/div>\n\n\n\n<div class=\"wp-block-columns is-layout-flex wp-container-core-columns-is-layout-10 wp-block-columns-is-layout-flex\">\n<div class=\"wp-block-column is-layout-flow wp-block-column-is-layout-flow\" style=\"flex-basis:100%\">\n<hr class=\"wp-block-separator has-text-color has-grismig-color has-alpha-channel-opacity has-grismig-background-color has-background is-style-default\"\/>\n<\/div>\n<\/div>\n","protected":false},"excerpt":{"rendered":"<p>Subvenciones Fundaci\u00f3 PIMEC Subvenciones 2023 Subvenciones Fundaci\u00f3 Subvencioens 2022 Subvenciones Fundaci\u00f3 Subvenciones 2021 Subvenciones Fundaci\u00f3 Subvenciones 2020 Subvenciones Fundaci\u00f3 Subvenciones 2019 Subvenciones Fundaci\u00f3<\/p>\n","protected":false},"author":8,"featured_media":0,"parent":2325,"menu_order":0,"comment_status":"closed","ping_status":"closed","template":"","meta":{"_editorskit_title_hidden":false,"_editorskit_reading_time":0,"_editorskit_is_block_options_detached":false,"_editorskit_block_options_position":"{}","footnotes":""},"class_list":["post-4042","page","type-page","status-publish","hentry"],"yoast_head":"<!-- This site is optimized with the Yoast SEO plugin v21.5 - https:\/\/yoast.com\/wordpress\/plugins\/seo\/ -->\n<title>Subvenciones Fundaci\u00f3 PIMEC - Fundaci\u00f3 PIMEC<\/title>\n<meta name=\"robots\" content=\"index, follow, max-snippet:-1, max-image-preview:large, max-video-preview:-1\" \/>\n<link rel=\"canonical\" href=\"https:\/\/www.fundaciopimec.org\/es\/la-fundacion\/transparencia\/subvenciones-fundacio-pimec-2\/\" \/>\n<meta property=\"og:locale\" content=\"es_ES\" \/>\n<meta property=\"og:type\" content=\"article\" \/>\n<meta property=\"og:title\" content=\"Subvenciones Fundaci\u00f3 PIMEC - Fundaci\u00f3 PIMEC\" \/>\n<meta property=\"og:description\" content=\"Subvenciones Fundaci\u00f3 PIMEC Subvenciones 2023 Subvenciones Fundaci\u00f3 Subvencioens 2022 Subvenciones Fundaci\u00f3 Subvenciones 2021 Subvenciones Fundaci\u00f3 Subvenciones 2020 Subvenciones Fundaci\u00f3 Subvenciones 2019 Subvenciones Fundaci\u00f3\" \/>\n<meta property=\"og:url\" content=\"https:\/\/www.fundaciopimec.org\/es\/la-fundacion\/transparencia\/subvenciones-fundacio-pimec-2\/\" \/>\n<meta property=\"og:site_name\" content=\"Fundaci\u00f3 PIMEC\" \/>\n<meta property=\"article:modified_time\" content=\"2024-06-12T06:49:24+00:00\" \/>\n<meta property=\"og:image\" content=\"http:\/\/www.fundaciopimec.org\/wp-content\/uploads\/subvencions-ES.jpg\" \/>\n<meta name=\"twitter:card\" content=\"summary_large_image\" \/>\n<meta name=\"twitter:label1\" content=\"Tiempo de lectura\" \/>\n\t<meta name=\"twitter:data1\" content=\"2 minutos\" \/>\n<script type=\"application\/ld+json\" class=\"yoast-schema-graph\">{\"@context\":\"https:\/\/schema.org\",\"@graph\":[{\"@type\":\"WebPage\",\"@id\":\"https:\/\/www.fundaciopimec.org\/es\/la-fundacion\/transparencia\/subvenciones-fundacio-pimec-2\/\",\"url\":\"https:\/\/www.fundaciopimec.org\/es\/la-fundacion\/transparencia\/subvenciones-fundacio-pimec-2\/\",\"name\":\"Subvenciones Fundaci\u00f3 PIMEC - Fundaci\u00f3 PIMEC\",\"isPartOf\":{\"@id\":\"https:\/\/www.fundaciopimec.org\/es\/#website\"},\"datePublished\":\"2024-06-12T06:40:57+00:00\",\"dateModified\":\"2024-06-12T06:49:24+00:00\",\"breadcrumb\":{\"@id\":\"https:\/\/www.fundaciopimec.org\/es\/la-fundacion\/transparencia\/subvenciones-fundacio-pimec-2\/#breadcrumb\"},\"inLanguage\":\"es\",\"potentialAction\":[{\"@type\":\"ReadAction\",\"target\":[\"https:\/\/www.fundaciopimec.org\/es\/la-fundacion\/transparencia\/subvenciones-fundacio-pimec-2\/\"]}]},{\"@type\":\"BreadcrumbList\",\"@id\":\"https:\/\/www.fundaciopimec.org\/es\/la-fundacion\/transparencia\/subvenciones-fundacio-pimec-2\/#breadcrumb\",\"itemListElement\":[{\"@type\":\"ListItem\",\"position\":1,\"name\":\"Portada\",\"item\":\"https:\/\/www.fundaciopimec.org\/es\/\"},{\"@type\":\"ListItem\",\"position\":2,\"name\":\"La Fundaci\u00f3\",\"item\":\"https:\/\/www.fundaciopimec.org\/es\/la-fundacion\/\"},{\"@type\":\"ListItem\",\"position\":3,\"name\":\"Transparencia\",\"item\":\"https:\/\/www.fundaciopimec.org\/es\/la-fundacion\/transparencia\/\"},{\"@type\":\"ListItem\",\"position\":4,\"name\":\"Subvenciones Fundaci\u00f3 PIMEC\"}]},{\"@type\":\"WebSite\",\"@id\":\"https:\/\/www.fundaciopimec.org\/es\/#website\",\"url\":\"https:\/\/www.fundaciopimec.org\/es\/\",\"name\":\"Fundaci\u00f3 PIMEC\",\"description\":\"Fundaci\u00f3n PIMEC. Hacia una nueva forma de hacer y ser empresa. Apoyo personal y empresarial. Integraci\u00f3n y diversidad. Empresa y compromiso comunitario.\",\"publisher\":{\"@id\":\"https:\/\/www.fundaciopimec.org\/es\/#organization\"},\"potentialAction\":[{\"@type\":\"SearchAction\",\"target\":{\"@type\":\"EntryPoint\",\"urlTemplate\":\"https:\/\/www.fundaciopimec.org\/es\/?s={search_term_string}\"},\"query-input\":\"required name=search_term_string\"}],\"inLanguage\":\"es\"},{\"@type\":\"Organization\",\"@id\":\"https:\/\/www.fundaciopimec.org\/es\/#organization\",\"name\":\"Fundaci\u00f3 PIMEC\",\"url\":\"https:\/\/www.fundaciopimec.org\/es\/\",\"logo\":{\"@type\":\"ImageObject\",\"inLanguage\":\"es\",\"@id\":\"https:\/\/www.fundaciopimec.org\/es\/#\/schema\/logo\/image\/\",\"url\":\"https:\/\/www.fundaciopimec.org\/wp-content\/uploads\/Fundacio-Pimec.png\",\"contentUrl\":\"https:\/\/www.fundaciopimec.org\/wp-content\/uploads\/Fundacio-Pimec.png\",\"width\":1459,\"height\":199,\"caption\":\"Fundaci\u00f3 PIMEC\"},\"image\":{\"@id\":\"https:\/\/www.fundaciopimec.org\/es\/#\/schema\/logo\/image\/\"}}]}<\/script>\n<!-- \/ Yoast SEO plugin. -->","yoast_head_json":{"title":"Subvenciones Fundaci\u00f3 PIMEC - Fundaci\u00f3 PIMEC","robots":{"index":"index","follow":"follow","max-snippet":"max-snippet:-1","max-image-preview":"max-image-preview:large","max-video-preview":"max-video-preview:-1"},"canonical":"https:\/\/www.fundaciopimec.org\/es\/la-fundacion\/transparencia\/subvenciones-fundacio-pimec-2\/","og_locale":"es_ES","og_type":"article","og_title":"Subvenciones Fundaci\u00f3 PIMEC - Fundaci\u00f3 PIMEC","og_description":"Subvenciones Fundaci\u00f3 PIMEC Subvenciones 2023 Subvenciones Fundaci\u00f3 Subvencioens 2022 Subvenciones Fundaci\u00f3 Subvenciones 2021 Subvenciones Fundaci\u00f3 Subvenciones 2020 Subvenciones Fundaci\u00f3 Subvenciones 2019 Subvenciones Fundaci\u00f3","og_url":"https:\/\/www.fundaciopimec.org\/es\/la-fundacion\/transparencia\/subvenciones-fundacio-pimec-2\/","og_site_name":"Fundaci\u00f3 PIMEC","article_modified_time":"2024-06-12T06:49:24+00:00","og_image":[{"url":"http:\/\/www.fundaciopimec.org\/wp-content\/uploads\/subvencions-ES.jpg"}],"twitter_card":"summary_large_image","twitter_misc":{"Tiempo de lectura":"2 minutos"},"schema":{"@context":"https:\/\/schema.org","@graph":[{"@type":"WebPage","@id":"https:\/\/www.fundaciopimec.org\/es\/la-fundacion\/transparencia\/subvenciones-fundacio-pimec-2\/","url":"https:\/\/www.fundaciopimec.org\/es\/la-fundacion\/transparencia\/subvenciones-fundacio-pimec-2\/","name":"Subvenciones Fundaci\u00f3 PIMEC - Fundaci\u00f3 PIMEC","isPartOf":{"@id":"https:\/\/www.fundaciopimec.org\/es\/#website"},"datePublished":"2024-06-12T06:40:57+00:00","dateModified":"2024-06-12T06:49:24+00:00","breadcrumb":{"@id":"https:\/\/www.fundaciopimec.org\/es\/la-fundacion\/transparencia\/subvenciones-fundacio-pimec-2\/#breadcrumb"},"inLanguage":"es","potentialAction":[{"@type":"ReadAction","target":["https:\/\/www.fundaciopimec.org\/es\/la-fundacion\/transparencia\/subvenciones-fundacio-pimec-2\/"]}]},{"@type":"BreadcrumbList","@id":"https:\/\/www.fundaciopimec.org\/es\/la-fundacion\/transparencia\/subvenciones-fundacio-pimec-2\/#breadcrumb","itemListElement":[{"@type":"ListItem","position":1,"name":"Portada","item":"https:\/\/www.fundaciopimec.org\/es\/"},{"@type":"ListItem","position":2,"name":"La Fundaci\u00f3","item":"https:\/\/www.fundaciopimec.org\/es\/la-fundacion\/"},{"@type":"ListItem","position":3,"name":"Transparencia","item":"https:\/\/www.fundaciopimec.org\/es\/la-fundacion\/transparencia\/"},{"@type":"ListItem","position":4,"name":"Subvenciones Fundaci\u00f3 PIMEC"}]},{"@type":"WebSite","@id":"https:\/\/www.fundaciopimec.org\/es\/#website","url":"https:\/\/www.fundaciopimec.org\/es\/","name":"Fundaci\u00f3 PIMEC","description":"Fundaci\u00f3n PIMEC. Hacia una nueva forma de hacer y ser empresa. Apoyo personal y empresarial. Integraci\u00f3n y diversidad. Empresa y compromiso comunitario.","publisher":{"@id":"https:\/\/www.fundaciopimec.org\/es\/#organization"},"potentialAction":[{"@type":"SearchAction","target":{"@type":"EntryPoint","urlTemplate":"https:\/\/www.fundaciopimec.org\/es\/?s={search_term_string}"},"query-input":"required name=search_term_string"}],"inLanguage":"es"},{"@type":"Organization","@id":"https:\/\/www.fundaciopimec.org\/es\/#organization","name":"Fundaci\u00f3 PIMEC","url":"https:\/\/www.fundaciopimec.org\/es\/","logo":{"@type":"ImageObject","inLanguage":"es","@id":"https:\/\/www.fundaciopimec.org\/es\/#\/schema\/logo\/image\/","url":"https:\/\/www.fundaciopimec.org\/wp-content\/uploads\/Fundacio-Pimec.png","contentUrl":"https:\/\/www.fundaciopimec.org\/wp-content\/uploads\/Fundacio-Pimec.png","width":1459,"height":199,"caption":"Fundaci\u00f3 PIMEC"},"image":{"@id":"https:\/\/www.fundaciopimec.org\/es\/#\/schema\/logo\/image\/"}}]}},"_links":{"self":[{"href":"https:\/\/www.fundaciopimec.org\/es\/wp-json\/wp\/v2\/pages\/4042","targetHints":{"allow":["GET"]}}],"collection":[{"href":"https:\/\/www.fundaciopimec.org\/es\/wp-json\/wp\/v2\/pages"}],"about":[{"href":"https:\/\/www.fundaciopimec.org\/es\/wp-json\/wp\/v2\/types\/page"}],"author":[{"embeddable":true,"href":"https:\/\/www.fundaciopimec.org\/es\/wp-json\/wp\/v2\/users\/8"}],"replies":[{"embeddable":true,"href":"https:\/\/www.fundaciopimec.org\/es\/wp-json\/wp\/v2\/comments?post=4042"}],"version-history":[{"count":1,"href":"https:\/\/www.fundaciopimec.org\/es\/wp-json\/wp\/v2\/pages\/4042\/revisions"}],"predecessor-version":[{"id":4043,"href":"https:\/\/www.fundaciopimec.org\/es\/wp-json\/wp\/v2\/pages\/4042\/revisions\/4043"}],"up":[{"embeddable":true,"href":"https:\/\/www.fundaciopimec.org\/es\/wp-json\/wp\/v2\/pages\/2325"}],"wp:attachment":[{"href":"https:\/\/www.fundaciopimec.org\/es\/wp-json\/wp\/v2\/media?parent=4042"}],"curies":[{"name":"wp","href":"https:\/\/api.w.org\/{rel}","templated":true}]}}